{"id":243,"date":"2023-12-25T07:59:00","date_gmt":"2023-12-25T07:59:00","guid":{"rendered":"https:\/\/lalibet.net\/ueber-uns\/"},"modified":"2023-12-25T07:59:00","modified_gmt":"2023-12-25T07:59:00","slug":"ueber-uns","status":"publish","type":"page","link":"https:\/\/lalibet.net\/de\/ueber-uns\/","title":{"rendered":"\u00dcber uns"},"content":{"rendered":"<div class=\"UolpaJrKz3uU\">\n<section class=\"qEWrQ53RFJ\">\n<div style=\"padding-left: 20px; padding-right: 20px; text-align: center;\">\n<p>LaLibet steht f\u00fcr Innovation und Zuverl\u00e4ssigkeit in der aufregenden Welt der Online-Wetten. Mit unserer Leidenschaft f\u00fcr herausragende Leistungen sind wir stolz darauf, eine umfassende Plattform anzubieten, die sowohl erfahrene Wettende als auch Neueinsteiger anspricht. Unser Weg basiert auf der Verpflichtung zu Transparenz, Integrit\u00e4t und dem Nervenkitzel, erstklassige Sportwetten und Casinospiele anzubieten.  <\/p>\n<p><img loading=\"lazy\" decoding=\"async\" class=\"alignnone size-full wp-image-145\" src=\"https:\/\/lalibet.net\/wp-content\/uploads\/2023\/11\/lalibet_logo.png\" alt=\"\" width=\"200\" height=\"65\"><\/p>\n<p>Mit einer Philosophie, die die Kundenzufriedenheit in den Vordergrund stellt, hat sich LaLibet schnell zu einem vertrauensw\u00fcrdigen Ziel f\u00fcr Enthusiasten weltweit entwickelt. Unsere benutzerfreundliche Oberfl\u00e4che sorgt f\u00fcr eine einfache Navigation, w\u00e4hrend unser Engagement f\u00fcr Integrit\u00e4t in jedem Aspekt unserer Plattform durchscheint. Begleiten Sie uns zu LaLibet, wo der Nervenkitzel des Wettens auf ein Engagement f\u00fcr Exzellenz trifft, und begeben Sie sich auf eine Reise, die ein unvergleichliches Online-Wettabenteuer verspricht.  <\/p>\n<\/div>\n<\/section>\n<\/div>\n","protected":false},"excerpt":{"rendered":"<p>LaLibet steht f\u00fcr Innovation und Zuverl\u00e4ssigkeit in der aufregenden Welt der Online-Wetten. Mit unserer Leidenschaft f\u00fcr herausragende Leistungen sind wir stolz darauf, eine umfassende Plattform anzubieten, die sowohl erfahrene Wettende als auch Neueinsteiger anspricht. Unser Weg basiert auf der Verpflichtung zu Transparenz, Integrit\u00e4t und dem Nervenkitzel, erstklassige Sportwetten und Casinospiele anzubieten. Mit einer Philosophie, die [&hellip;]<\/p>\n","protected":false},"author":1,"featured_media":0,"parent":0,"menu_order":0,"comment_status":"closed","ping_status":"closed","template":"","meta":{"_uag_custom_page_level_css":"","footnotes":""},"yoast_head":"<!-- This site is optimized with the Yoast SEO plugin v22.6 - https:\/\/yoast.com\/wordpress\/plugins\/seo\/ -->\n<title>Entdecken Sie LaLibet - Exzellenz bei Online-Wetten<\/title>\n<meta name=\"description\" content=\"Tauchen Sie auf der Seite &quot;\u00dcber uns&quot; in die Welt von LaLibet ein, wo sich die Geschichte von Exzellenz und Innovation bei Online-Wetten entfaltet. Entdecken Sie die Essenz von LaLibet, einer herausragenden Plattform, die sorgf\u00e4ltig entwickelt wurde, um Ihr Online-Wett-Erlebnis zu verbessern.\" \/>\n<meta name=\"robots\" content=\"index, follow, max-snippet:-1, max-image-preview:large, max-video-preview:-1\" \/>\n<link rel=\"canonical\" href=\"https:\/\/lalibet.net\/de\/ueber-uns\/\" \/>\n<meta property=\"og:locale\" content=\"de_DE\" \/>\n<meta property=\"og:type\" content=\"article\" \/>\n<meta property=\"og:title\" content=\"Entdecken Sie LaLibet - Exzellenz bei Online-Wetten\" \/>\n<meta property=\"og:description\" content=\"Tauchen Sie auf der Seite &quot;\u00dcber uns&quot; in die Welt von LaLibet ein, wo sich die Geschichte von Exzellenz und Innovation bei Online-Wetten entfaltet. Entdecken Sie die Essenz von LaLibet, einer herausragenden Plattform, die sorgf\u00e4ltig entwickelt wurde, um Ihr Online-Wett-Erlebnis zu verbessern.\" \/>\n<meta property=\"og:url\" content=\"https:\/\/lalibet.net\/de\/ueber-uns\/\" \/>\n<meta property=\"og:site_name\" content=\"lalibet.net\" \/>\n<meta property=\"og:image\" content=\"https:\/\/lalibet.net\/wp-content\/uploads\/2023\/11\/lalibet_logo.png\" \/>\n<meta name=\"twitter:card\" content=\"summary_large_image\" \/>\n<meta name=\"twitter:label1\" content=\"Est. reading time\" \/>\n\t<meta name=\"twitter:data1\" content=\"1 minute\" \/>\n<!-- \/ Yoast SEO plugin. -->","yoast_head_json":{"title":"Entdecken Sie LaLibet - Exzellenz bei Online-Wetten","description":"Tauchen Sie auf der Seite \"\u00dcber uns\" in die Welt von LaLibet ein, wo sich die Geschichte von Exzellenz und Innovation bei Online-Wetten entfaltet. Entdecken Sie die Essenz von LaLibet, einer herausragenden Plattform, die sorgf\u00e4ltig entwickelt wurde, um Ihr Online-Wett-Erlebnis zu verbessern.","robots":{"index":"index","follow":"follow","max-snippet":"max-snippet:-1","max-image-preview":"max-image-preview:large","max-video-preview":"max-video-preview:-1"},"canonical":"https:\/\/lalibet.net\/de\/ueber-uns\/","og_locale":"de_DE","og_type":"article","og_title":"Entdecken Sie LaLibet - Exzellenz bei Online-Wetten","og_description":"Tauchen Sie auf der Seite \"\u00dcber uns\" in die Welt von LaLibet ein, wo sich die Geschichte von Exzellenz und Innovation bei Online-Wetten entfaltet. Entdecken Sie die Essenz von LaLibet, einer herausragenden Plattform, die sorgf\u00e4ltig entwickelt wurde, um Ihr Online-Wett-Erlebnis zu verbessern.","og_url":"https:\/\/lalibet.net\/de\/ueber-uns\/","og_site_name":"lalibet.net","og_image":[{"url":"https:\/\/lalibet.net\/wp-content\/uploads\/2023\/11\/lalibet_logo.png"}],"twitter_card":"summary_large_image","twitter_misc":{"Est. reading time":"1 minute"},"schema":{"@context":"https:\/\/schema.org","@graph":[{"@type":"WebPage","@id":"https:\/\/lalibet.net\/de\/ueber-uns\/","url":"https:\/\/lalibet.net\/de\/ueber-uns\/","name":"Entdecken Sie LaLibet - Exzellenz bei Online-Wetten","isPartOf":{"@id":"https:\/\/lalibet.net\/#website"},"primaryImageOfPage":{"@id":"https:\/\/lalibet.net\/de\/ueber-uns\/#primaryimage"},"image":{"@id":"https:\/\/lalibet.net\/de\/ueber-uns\/#primaryimage"},"thumbnailUrl":"https:\/\/lalibet.net\/wp-content\/uploads\/2023\/11\/lalibet_logo.png","datePublished":"2023-12-25T07:59:00+00:00","dateModified":"2023-12-25T07:59:00+00:00","description":"Tauchen Sie auf der Seite \"\u00dcber uns\" in die Welt von LaLibet ein, wo sich die Geschichte von Exzellenz und Innovation bei Online-Wetten entfaltet. Entdecken Sie die Essenz von LaLibet, einer herausragenden Plattform, die sorgf\u00e4ltig entwickelt wurde, um Ihr Online-Wett-Erlebnis zu verbessern.","breadcrumb":{"@id":"https:\/\/lalibet.net\/de\/ueber-uns\/#breadcrumb"},"inLanguage":"de-DE","potentialAction":[{"@type":"ReadAction","target":["https:\/\/lalibet.net\/de\/ueber-uns\/"]}]},{"@type":"ImageObject","inLanguage":"de-DE","@id":"https:\/\/lalibet.net\/de\/ueber-uns\/#primaryimage","url":"https:\/\/lalibet.net\/wp-content\/uploads\/2023\/11\/lalibet_logo.png","contentUrl":"https:\/\/lalibet.net\/wp-content\/uploads\/2023\/11\/lalibet_logo.png"},{"@type":"BreadcrumbList","@id":"https:\/\/lalibet.net\/de\/ueber-uns\/#breadcrumb","itemListElement":[{"@type":"ListItem","position":1,"name":"Home","item":"https:\/\/lalibet.net\/de\/"},{"@type":"ListItem","position":2,"name":"\u00dcber uns"}]},{"@type":"WebSite","@id":"https:\/\/lalibet.net\/#website","url":"https:\/\/lalibet.net\/","name":"lalibet.net","description":"","publisher":{"@id":"https:\/\/lalibet.net\/#organization"},"potentialAction":[{"@type":"SearchAction","target":{"@type":"EntryPoint","urlTemplate":"https:\/\/lalibet.net\/?s={search_term_string}"},"query-input":"required name=search_term_string"}],"inLanguage":"de-DE"},{"@type":"Organization","@id":"https:\/\/lalibet.net\/#organization","name":"lalibet.net","url":"https:\/\/lalibet.net\/","logo":{"@type":"ImageObject","inLanguage":"de-DE","@id":"https:\/\/lalibet.net\/#\/schema\/logo\/image\/","url":"https:\/\/lalibet.net\/wp-content\/uploads\/2023\/11\/lalibet_logo.png","contentUrl":"https:\/\/lalibet.net\/wp-content\/uploads\/2023\/11\/lalibet_logo.png","width":200,"height":65,"caption":"lalibet.net"},"image":{"@id":"https:\/\/lalibet.net\/#\/schema\/logo\/image\/"}}]}},"uagb_featured_image_src":{"full":false,"thumbnail":false,"medium":false,"medium_large":false,"large":false,"1536x1536":false,"2048x2048":false},"uagb_author_info":{"display_name":"sol_casino20","author_link":"https:\/\/lalibet.net\/de\/author\/lalibet.net\/de\/"},"uagb_comment_info":0,"uagb_excerpt":"LaLibet steht f\u00fcr Innovation und Zuverl\u00e4ssigkeit in der aufregenden Welt der Online-Wetten. Mit unserer Leidenschaft f\u00fcr herausragende Leistungen sind wir stolz darauf, eine umfassende Plattform anzubieten, die sowohl erfahrene Wettende als auch Neueinsteiger anspricht. Unser Weg basiert auf der Verpflichtung zu Transparenz, Integrit\u00e4t und dem Nervenkitzel, erstklassige Sportwetten und Casinospiele anzubieten. Mit einer Philosophie, die&hellip;","_links":{"self":[{"href":"https:\/\/lalibet.net\/de\/wp-json\/wp\/v2\/pages\/243"}],"collection":[{"href":"https:\/\/lalibet.net\/de\/wp-json\/wp\/v2\/pages"}],"about":[{"href":"https:\/\/lalibet.net\/de\/wp-json\/wp\/v2\/types\/page"}],"author":[{"embeddable":true,"href":"https:\/\/lalibet.net\/de\/wp-json\/wp\/v2\/users\/1"}],"replies":[{"embeddable":true,"href":"https:\/\/lalibet.net\/de\/wp-json\/wp\/v2\/comments?post=243"}],"version-history":[{"count":0,"href":"https:\/\/lalibet.net\/de\/wp-json\/wp\/v2\/pages\/243\/revisions"}],"wp:attachment":[{"href":"https:\/\/lalibet.net\/de\/wp-json\/wp\/v2\/media?parent=243"}],"curies":[{"name":"wp","href":"https:\/\/api.w.org\/{rel}","templated":true}]}}