{"id":245,"date":"2023-12-25T07:52:28","date_gmt":"2023-12-25T07:52:28","guid":{"rendered":"https:\/\/lalibet.net\/kontakte\/"},"modified":"2023-12-25T07:52:28","modified_gmt":"2023-12-25T07:52:28","slug":"kontakte","status":"publish","type":"page","link":"https:\/\/lalibet.net\/de\/kontakte\/","title":{"rendered":"Kontakte"},"content":{"rendered":"<div class=\"UolpaJrKz3uU\">\n<section class=\"qEWrQ53RFJ\">\n<div style=\"padding-left: 15px; padding-right: 15px;\">\n<p>Brauchen Sie Hilfe oder haben Sie Fragen? Kontaktieren Sie uns! <\/p>\n<p>Wir sind f\u00fcr dich da und bieten dir jederzeit Unterst\u00fctzung und engagierte Hilfe. Hier findest du die Kontaktdaten von Lalibet. <\/p>\n<p>(ethbet@skiff.com).<\/p>\n<p>&nbsp;<\/p>\n<\/div>\n<\/section>\n<p><!-- .entry-content --><\/p>\n<\/p><\/div>\n<p><!-- .entry-content --><\/p>\n","protected":false},"excerpt":{"rendered":"<p>Brauchen Sie Hilfe oder haben Sie Fragen? Kontaktieren Sie uns! Wir sind f\u00fcr dich da und bieten dir jederzeit Unterst\u00fctzung und engagierte Hilfe. Hier findest du die Kontaktdaten von Lalibet. (ethbet@skiff.com). &nbsp;<\/p>\n","protected":false},"author":1,"featured_media":0,"parent":0,"menu_order":0,"comment_status":"closed","ping_status":"closed","template":"","meta":{"_uag_custom_page_level_css":"","footnotes":""},"yoast_head":"<!-- This site is optimized with the Yoast SEO plugin v22.6 - https:\/\/yoast.com\/wordpress\/plugins\/seo\/ -->\n<title>Kontaktieren Sie LaLibet - Ihre erste Adresse f\u00fcr Online-Wetten<\/title>\n<meta name=\"description\" content=\"Wenn Sie Fragen haben, Unterst\u00fctzung ben\u00f6tigen oder Ihr Online-Wettvergn\u00fcgen verbessern m\u00f6chten, hei\u00dft LaLibet Sie auf unserer Kontaktseite willkommen. Unser engagiertes Support-Team unterst\u00fctzt sowohl erfahrene Wettende als auch Neueinsteiger und sorgt f\u00fcr einen reibungslosen und angenehmen Aufenthalt in der Welt der Online-Wetten.\" \/>\n<meta name=\"robots\" content=\"index, follow, max-snippet:-1, max-image-preview:large, max-video-preview:-1\" \/>\n<link rel=\"canonical\" href=\"https:\/\/lalibet.net\/de\/kontakte\/\" \/>\n<meta property=\"og:locale\" content=\"de_DE\" \/>\n<meta property=\"og:type\" content=\"article\" \/>\n<meta property=\"og:title\" content=\"Kontaktieren Sie LaLibet - Ihre erste Adresse f\u00fcr Online-Wetten\" \/>\n<meta property=\"og:description\" content=\"Wenn Sie Fragen haben, Unterst\u00fctzung ben\u00f6tigen oder Ihr Online-Wettvergn\u00fcgen verbessern m\u00f6chten, hei\u00dft LaLibet Sie auf unserer Kontaktseite willkommen. Unser engagiertes Support-Team unterst\u00fctzt sowohl erfahrene Wettende als auch Neueinsteiger und sorgt f\u00fcr einen reibungslosen und angenehmen Aufenthalt in der Welt der Online-Wetten.\" \/>\n<meta property=\"og:url\" content=\"https:\/\/lalibet.net\/de\/kontakte\/\" \/>\n<meta property=\"og:site_name\" content=\"lalibet.net\" \/>\n<meta name=\"twitter:card\" content=\"summary_large_image\" \/>\n<!-- \/ Yoast SEO plugin. -->","yoast_head_json":{"title":"Kontaktieren Sie LaLibet - Ihre erste Adresse f\u00fcr Online-Wetten","description":"Wenn Sie Fragen haben, Unterst\u00fctzung ben\u00f6tigen oder Ihr Online-Wettvergn\u00fcgen verbessern m\u00f6chten, hei\u00dft LaLibet Sie auf unserer Kontaktseite willkommen. Unser engagiertes Support-Team unterst\u00fctzt sowohl erfahrene Wettende als auch Neueinsteiger und sorgt f\u00fcr einen reibungslosen und angenehmen Aufenthalt in der Welt der Online-Wetten.","robots":{"index":"index","follow":"follow","max-snippet":"max-snippet:-1","max-image-preview":"max-image-preview:large","max-video-preview":"max-video-preview:-1"},"canonical":"https:\/\/lalibet.net\/de\/kontakte\/","og_locale":"de_DE","og_type":"article","og_title":"Kontaktieren Sie LaLibet - Ihre erste Adresse f\u00fcr Online-Wetten","og_description":"Wenn Sie Fragen haben, Unterst\u00fctzung ben\u00f6tigen oder Ihr Online-Wettvergn\u00fcgen verbessern m\u00f6chten, hei\u00dft LaLibet Sie auf unserer Kontaktseite willkommen. Unser engagiertes Support-Team unterst\u00fctzt sowohl erfahrene Wettende als auch Neueinsteiger und sorgt f\u00fcr einen reibungslosen und angenehmen Aufenthalt in der Welt der Online-Wetten.","og_url":"https:\/\/lalibet.net\/de\/kontakte\/","og_site_name":"lalibet.net","twitter_card":"summary_large_image","schema":{"@context":"https:\/\/schema.org","@graph":[{"@type":"WebPage","@id":"https:\/\/lalibet.net\/de\/kontakte\/","url":"https:\/\/lalibet.net\/de\/kontakte\/","name":"Kontaktieren Sie LaLibet - Ihre erste Adresse f\u00fcr Online-Wetten","isPartOf":{"@id":"https:\/\/lalibet.net\/#website"},"datePublished":"2023-12-25T07:52:28+00:00","dateModified":"2023-12-25T07:52:28+00:00","description":"Wenn Sie Fragen haben, Unterst\u00fctzung ben\u00f6tigen oder Ihr Online-Wettvergn\u00fcgen verbessern m\u00f6chten, hei\u00dft LaLibet Sie auf unserer Kontaktseite willkommen. Unser engagiertes Support-Team unterst\u00fctzt sowohl erfahrene Wettende als auch Neueinsteiger und sorgt f\u00fcr einen reibungslosen und angenehmen Aufenthalt in der Welt der Online-Wetten.","breadcrumb":{"@id":"https:\/\/lalibet.net\/de\/kontakte\/#breadcrumb"},"inLanguage":"de-DE","potentialAction":[{"@type":"ReadAction","target":["https:\/\/lalibet.net\/de\/kontakte\/"]}]},{"@type":"BreadcrumbList","@id":"https:\/\/lalibet.net\/de\/kontakte\/#breadcrumb","itemListElement":[{"@type":"ListItem","position":1,"name":"Home","item":"https:\/\/lalibet.net\/de\/"},{"@type":"ListItem","position":2,"name":"Kontakte"}]},{"@type":"WebSite","@id":"https:\/\/lalibet.net\/#website","url":"https:\/\/lalibet.net\/","name":"lalibet.net","description":"","publisher":{"@id":"https:\/\/lalibet.net\/#organization"},"potentialAction":[{"@type":"SearchAction","target":{"@type":"EntryPoint","urlTemplate":"https:\/\/lalibet.net\/?s={search_term_string}"},"query-input":"required name=search_term_string"}],"inLanguage":"de-DE"},{"@type":"Organization","@id":"https:\/\/lalibet.net\/#organization","name":"lalibet.net","url":"https:\/\/lalibet.net\/","logo":{"@type":"ImageObject","inLanguage":"de-DE","@id":"https:\/\/lalibet.net\/#\/schema\/logo\/image\/","url":"https:\/\/lalibet.net\/wp-content\/uploads\/2023\/11\/lalibet_logo.png","contentUrl":"https:\/\/lalibet.net\/wp-content\/uploads\/2023\/11\/lalibet_logo.png","width":200,"height":65,"caption":"lalibet.net"},"image":{"@id":"https:\/\/lalibet.net\/#\/schema\/logo\/image\/"}}]}},"uagb_featured_image_src":{"full":false,"thumbnail":false,"medium":false,"medium_large":false,"large":false,"1536x1536":false,"2048x2048":false},"uagb_author_info":{"display_name":"sol_casino20","author_link":"https:\/\/lalibet.net\/de\/author\/lalibet.net\/de\/"},"uagb_comment_info":0,"uagb_excerpt":"Brauchen Sie Hilfe oder haben Sie Fragen? Kontaktieren Sie uns! Wir sind f\u00fcr dich da und bieten dir jederzeit Unterst\u00fctzung und engagierte Hilfe. Hier findest du die Kontaktdaten von Lalibet. (ethbet@skiff.com). &nbsp;","_links":{"self":[{"href":"https:\/\/lalibet.net\/de\/wp-json\/wp\/v2\/pages\/245"}],"collection":[{"href":"https:\/\/lalibet.net\/de\/wp-json\/wp\/v2\/pages"}],"about":[{"href":"https:\/\/lalibet.net\/de\/wp-json\/wp\/v2\/types\/page"}],"author":[{"embeddable":true,"href":"https:\/\/lalibet.net\/de\/wp-json\/wp\/v2\/users\/1"}],"replies":[{"embeddable":true,"href":"https:\/\/lalibet.net\/de\/wp-json\/wp\/v2\/comments?post=245"}],"version-history":[{"count":0,"href":"https:\/\/lalibet.net\/de\/wp-json\/wp\/v2\/pages\/245\/revisions"}],"wp:attachment":[{"href":"https:\/\/lalibet.net\/de\/wp-json\/wp\/v2\/media?parent=245"}],"curies":[{"name":"wp","href":"https:\/\/api.w.org\/{rel}","templated":true}]}}