{"id":319,"date":"2024-04-24T10:47:14","date_gmt":"2024-04-24T09:47:14","guid":{"rendered":"https:\/\/lalibet.net\/app\/"},"modified":"2024-05-02T20:09:06","modified_gmt":"2024-05-02T19:09:06","slug":"app","status":"publish","type":"page","link":"https:\/\/lalibet.net\/de\/app\/","title":{"rendered":"App"},"content":{"rendered":"\r\n<figure class=\"dziYFr3Azyb4u YXYBzezYLV9wJ1O size-large is-resized main-image\"><a href=\"https:\/\/sybar.pro\/cznKMhqG?sub_id_2=lalibet.net&amp;sub_id_3={sub3}&amp;sub_id_4={sub4}&amp;sub_id_5={sub5}\"><img decoding=\"async\" class=\"alignnone size-full wp-image-376\" style=\"width: 100%;\" src=\"https:\/\/lalibet.net\/wp-content\/uploads\/2023\/12\/lo.png\" alt=\"\" \/><\/a><\/figure>\r\n\r\n\r\n\r\n<figure class=\"dziYFr3Azyb4u YXYBzezYLV9wJ1O size-large is-resized aQmtzl3z2uK\"><a href=\"https:\/\/sybar.pro\/cznKMhqG?sub_id_2=lalibet.net&amp;sub_id_3={sub3}&amp;sub_id_4={sub4}&amp;sub_id_5={sub5}\"><img loading=\"lazy\" decoding=\"async\" class=\"alignnone  wp-image-138\" src=\"https:\/\/lalibet.net\/wp-content\/uploads\/2023\/11\/mob.jpg\" alt=\"\" width=\"503\" height=\"853\" \/><\/a><\/figure>\r\n\r\n<div style=\"margin: auto; max-width: 1200px; padding-left: 10px; padding-right: 10px;\">\r\n<div class=\"EYbwIkrVU0 is-layout-constrained wp-block-group-is-layout-constrained\">\r\n<h1><strong>Lalibet Mobile<\/strong><\/h1>\r\n<\/div>\r\n<div class=\"EYbwIkrVU0\"><\/div>\r\n\r\n\r\n\r\n<div class=\"EYbwIkrVU0 is-layout-constrained wp-block-group-is-layout-constrained\">\r\n<div class=\"fVGPtLqr6KD is-layout-flex wp-container-core-columns-is-layout-1 wp-block-columns-is-layout-flex\">\r\n<div class=\"gubLQyKQ0soEr is-layout-flow wp-block-column-is-layout-flow\" style=\"flex-basis: 100%;\">\r\n<p style=\"text-align: center;\"><a href=\"https:\/\/sybar.pro\/cznKMhqG?sub_id_2=lalibet.net&amp;sub_id_3={sub3}&amp;sub_id_4={sub4}&amp;sub_id_5={sub5}\"><img loading=\"lazy\" decoding=\"async\" class=\"alignnone  wp-image-53\" src=\"https:\/\/lalibet.net\/wp-content\/uploads\/2023\/11\/lali-bet-2.png\" alt=\"\" width=\"303\" height=\"666\" \/><\/a><\/p>\r\n<\/div>\r\n\r\n\r\n\r\n<div class=\"gubLQyKQ0soEr is-layout-flow wp-block-column-is-layout-flow\" style=\"flex-basis: 100% only mob;\">\r\n<p>Willkommen im umfassenden Leitfaden zur Lalibet-Wett-App, der f\u00fchrenden Online-Plattform in Deutschland, wo Sportwetten auf beispiellose Bequemlichkeit treffen. In diesem Abschnitt haben wir den Grundstein f\u00fcr eine eingehende Erkundung von Lalibet gelegt, einer Plattform, die die Landschaft der Wetten in Deutschland ver\u00e4ndert hat. Mit einem Engagement f\u00fcr Qualit\u00e4t und Innovation hebt sich Lalibet als reguliertes Paradies in der weiten Welt der Wetten ab und bietet ein reiches Angebot an Sportwetten und Casino-Spielen. Trotz Herausforderungen wie der langsamen Webseitenladegeschwindigkeit bleibt es die bevorzugte Wahl unter \u00e4thiopischen Wettern aufgrund seiner nahtlosen Integration in die lokale Sportkultur.<\/p>\r\n<h2 class=\"wp-block-heading\"><strong>Lalibet Mobile: Wetten unterwegs<\/strong><\/h2>\r\n<p>In der heutigen dynamischen Welt ist es wichtig, mit seinen Leidenschaften, insbesondere Sportwetten, verbunden zu bleiben. Lalibet Mobile vereint die Aufregung des Wettens mit dem schnellen Tempo des modernen Lebens und garantiert, dass Sie immer im Spiel sind, egal ob mitten im Stadttrubel, zu Hause oder auf Reisen. Es geht nicht nur darum, Wetten abzuschlie\u00dfen; es geht darum, einen Lebensstil voller Spannung und Komfort zu \u00fcbernehmen.<\/p>\r\n<p>Mit Lalibet Mobile, das sowohl f\u00fcr Android- als auch iOS-Benutzer entwickelt wurde, wird kein Fan ausgelassen. Seine benutzerfreundliche Oberfl\u00e4che gew\u00e4hrleistet eine reibungslose Wetterfahrung mit m\u00fchelosen Wetten, Echtzeit-Score-Updates und schnellen Auszahlungen. Zu den H\u00f6hepunkten der Lalibet-App geh\u00f6ren eine un\u00fcbertroffene Ger\u00e4tekompatibilit\u00e4t, ein auf Einfachheit ausgerichtetes Design und ein immersiver Wettpfad, der geografische Grenzen \u00fcberwindet.<\/p>\r\n<p>Die Wahl von Lalibet Mobile bedeutet die Wahl einer fortgeschrittenen Wetterfahrung in Deutschland, wo Bequemlichkeit auf die Aufregung des Sports trifft. Lalibet schafft nicht nur Trends; es revolutioniert das mobile Wetten und macht aus jedem Moment einen potenziellen Sieg. \u00dcbernehmen Sie diesen modernen Wett-Lebensstil mit Lalibet, wo der Geist des Spiels Sie \u00fcberall hin begleitet.<\/p>\r\n<\/div>\r\n<\/div>\r\n<\/div>\r\n\r\n\r\n\r\n<div class=\"chPJQO3kkA1 is-content-justification-center is-layout-flex wp-container-core-buttons-is-layout-1 wp-block-buttons-is-layout-flex\">\r\n\r\n\r\n<div class=\"RFLYYi9D5BWhV oMRINZWEsnBie1Z\"><a class=\"xzzANjnEUtpo6T keORRPd2BBZt lqarqKdLq0 rQTucFcxoDNvD\" href=\"https:\/\/sybar.pro\/cznKMhqG?sub_id_2=lalibet.net&amp;sub_id_3={sub3}&amp;sub_id_4={sub4}&amp;sub_id_5={sub5}\" rel=\"nofollow\">PLAY<\/a><\/div>\r\n<\/div>\r\n\r\n<h2><strong>Lalibet App herunterladen APK<\/strong><\/h2>\r\n<p>Den Start Ihrer Reise mit der Lalibet-App auf einem Android-Ger\u00e4t zu beginnen, ist m\u00fchelos und erm\u00f6glicht sofortigen Zugang zu einer vielf\u00e4ltigen Wettenlandschaft. Stellen Sie sicher, dass Ihr Ger\u00e4t \u00fcber mindestens 50 MB freien Speicherplatz verf\u00fcgt, um eine reibungslose App-Funktionalit\u00e4t zu gew\u00e4hrleisten. Hier ist eine vereinfachte Anleitung, um die Welt der Lalibet-Wetten in Reichweite zu bringen:<\/p>\r\n\r\n<div class=\"EYbwIkrVU0 is-layout-constrained wp-block-group-is-layout-constrained\">\r\n\r\n\r\n<div class=\"fVGPtLqr6KD is-layout-flex wp-container-core-columns-is-layout-2 wp-block-columns-is-layout-flex\">\r\n<div class=\"gubLQyKQ0soEr is-layout-flow wp-block-column-is-layout-flow\" style=\"flex-basis: 100%;\">\r\n\r\n<table>\r\n<tbody>\r\n<tr>\r\n<td>\r\n<p>Step<\/p>\r\n<\/td>\r\n<td>\r\n<p>Action<\/p>\r\n<\/td>\r\n<\/tr>\r\n<tr>\r\n<td>\r\n<p>1<\/p>\r\n<\/td>\r\n<td>\r\n<p>\u00c4ndern Sie die \u201eParameter\u201c Ihres Ger\u00e4ts, um die Installationen au\u00dferhalb der angeschlossenen Quellen zu genehmigen.<\/p>\r\n<\/td>\r\n<\/tr>\r\n<tr>\r\n<td>\r\n<p>2<\/p>\r\n<\/td>\r\n<td>\r\n<p>Besuchen Sie die offizielle Website von Lalibet und recherchieren Sie den Abschnitt zum Herunterladen von Android-Anwendungen.<\/p>\r\n<\/td>\r\n<\/tr>\r\n<tr>\r\n<td>\r\n<p>3<\/p>\r\n<\/td>\r\n<td>\r\n<p>Laden Sie das APK Lalibet-Archiv herunter.<\/p>\r\n<\/td>\r\n<\/tr>\r\n<tr>\r\n<td>\r\n<p>4<\/p>\r\n<\/td>\r\n<td>\r\n<p>Nach dem Herunterladen die APK \u00f6ffnen und die Installation starten.<\/p>\r\n<\/td>\r\n<\/tr>\r\n<tr>\r\n<td>\r\n<p>5<\/p>\r\n<\/td>\r\n<td>\r\n<p>Beenden Sie die Installation direkt neben den Einladungen am Bildschirm.<\/p>\r\n<\/td>\r\n<\/tr>\r\n<tr>\r\n<td>\r\n<p>6<\/p>\r\n<\/td>\r\n<td>\r\n<p>\u00d6ffnen Sie die Anwendung, stellen Sie eine Verbindung her und beginnen Sie mit Ihrem Abenteuer in Paris!<\/p>\r\n<\/td>\r\n<\/tr>\r\n<\/tbody>\r\n<\/table>\r\n<\/div>\r\n\r\n\r\n\r\n<div class=\"gubLQyKQ0soEr is-layout-flow wp-block-column-is-layout-flow\" style=\"flex-basis: 100%;\">\r\n<p style=\"text-align: center;\"><img loading=\"lazy\" decoding=\"async\" class=\"alignnone  wp-image-76\" src=\"https:\/\/lalibet.net\/wp-content\/uploads\/2023\/11\/lali-bet-3.png\" alt=\"\" width=\"516\" height=\"386\" \/><\/p>\r\n<\/div>\r\n<\/div>\r\n\r\n<p>In nur wenigen Schritten entsperren Sie ein Tor zur umfangreichen Welt der Wetten bei Lalibet direkt von Ihrem Android-Ger\u00e4t aus. Lalibet ist mehr als nur eine App; es ist Ihr ultimativer Verb\u00fcndeter f\u00fcr mobile Wetten in Deutschland, der jeden Moment in eine Gewinnchance verwandelt. Tauchen Sie ein in Komfort und Aufregung und lassen Sie Lalibet Ihre Wetterfahrung neu definieren.<\/p>\r\n\r\n<div class=\"chPJQO3kkA1 is-content-justification-center is-layout-flex wp-container-core-buttons-is-layout-2 wp-block-buttons-is-layout-flex\">\r\n\r\n\r\n<div class=\"RFLYYi9D5BWhV oMRINZWEsnBie1Z\"><a class=\"xzzANjnEUtpo6T keORRPd2BBZt lqarqKdLq0 rQTucFcxoDNvD\" href=\"https:\/\/sybar.pro\/cznKMhqG?sub_id_2=lalibet.net&amp;sub_id_3={sub3}&amp;sub_id_4={sub4}&amp;sub_id_5={sub5}\" rel=\"nofollow\">PLAY<\/a><\/div>\r\n<\/div>\r\n\r\n\r\n\r\n<h2><strong>Lalibet App herunterladen f\u00fcr iOS<\/strong><\/h2>\r\n<p>F\u00fcr Liebhaber des Apple-\u00d6kosystems bietet die Lalibet-App direkten Zugang zur aufregenden Welt der Sportwetten mit nur einem Fingertipp. Bereiten Sie Ihr iOS-Ger\u00e4t auf diesen digitalen Wettbegleiter vor, indem Sie sicherstellen, dass Sie mindestens 50 MB Speicherplatz zur Verf\u00fcgung haben. Folgen Sie den vereinfachten Schritten unten, um die Lalibet-App in Ihr iOS-Umfeld zu integrieren und so eine reibungslose Installationsreise zu gew\u00e4hrleisten.<\/p>\r\n\r\n<div class=\"fVGPtLqr6KD are-vertically-aligned-center is-layout-flex wp-container-core-columns-is-layout-3 wp-block-columns-is-layout-flex\">\r\n<div class=\"gubLQyKQ0soEr is-vertically-aligned-center is-layout-flow wp-block-column-is-layout-flow\" style=\"flex-basis: 100%;\">\r\n<p style=\"text-align: center;\"><img loading=\"lazy\" decoding=\"async\" class=\"alignnone  wp-image-59\" src=\"https:\/\/lalibet.net\/wp-content\/uploads\/2023\/11\/lali-bet-5.png\" alt=\"\" width=\"460\" height=\"549\" \/><\/p>\r\n<\/div>\r\n\r\n\r\n\r\n<div class=\"gubLQyKQ0soEr is-vertically-aligned-center is-layout-flow wp-block-column-is-layout-flow\" style=\"flex-basis: 100%;\">\r\n\r\n\r\n<table>\r\n<tbody>\r\n<tr>\r\n<td>\r\n<p>Step<\/p>\r\n<\/td>\r\n<td>\r\n<p>Action<\/p>\r\n<\/td>\r\n<\/tr>\r\n<tr>\r\n<td>\r\n<p>1<\/p>\r\n<\/td>\r\n<td>\r\n<p>Gehen Sie zu den \u201eParametern\u201c, w\u00e4hlen Sie \u201eAllgemein\u201c &gt; \u201eGestion des appareils\u201c und verlassen Sie sich auf den Entwickler Lalibet.<\/p>\r\n<\/td>\r\n<\/tr>\r\n<tr>\r\n<td>\r\n<p>2<\/p>\r\n<\/td>\r\n<td>\r\n<p>Besuchen Sie die offizielle Website von Lalibet \u00fcber den Navigator Ihres Ger\u00e4ts.<\/p>\r\n<\/td>\r\n<\/tr>\r\n<tr>\r\n<td>\r\n<p>3<\/p>\r\n<\/td>\r\n<td>\r\n<p>Suchen Sie nach der Download-Lizenz f\u00fcr die iOS-Anwendung und klicken Sie darauf.<\/p>\r\n<\/td>\r\n<\/tr>\r\n<tr>\r\n<td>\r\n<p>4<\/p>\r\n<\/td>\r\n<td>\r\n<p>Klicken Sie auf \u201eT\u00e9l\u00e9charger\u201c, um mit der \u00dcbertragung der Bewerbung auf Ihr Ger\u00e4t zu beginnen.<\/p>\r\n<\/td>\r\n<\/tr>\r\n<tr>\r\n<td>\r\n<p>5<\/p>\r\n<\/td>\r\n<td>\r\n<p>Wenn Sie dazu aufgefordert werden, klicken Sie auf das Anwendungssymbol, um die Installation zu starten.<\/p>\r\n<\/td>\r\n<\/tr>\r\n<tr>\r\n<td>\r\n<p>6<\/p>\r\n<\/td>\r\n<td>\r\n<p>Beenden Sie die Konfiguration anhand der Anweisungen und stellen Sie dann die Verbindung her, damit Sie in Ihrem Parcours de Pari starten k\u00f6nnen.<\/p>\r\n<\/td>\r\n<\/tr>\r\n<\/tbody>\r\n<\/table>\r\n<\/div>\r\n<\/div>\r\n\r\n\r\n\r\n<div class=\"chPJQO3kkA1 is-content-justification-center is-layout-flex wp-container-core-buttons-is-layout-3 wp-block-buttons-is-layout-flex\">\r\n\r\n\r\n<div class=\"RFLYYi9D5BWhV oMRINZWEsnBie1Z\"><a class=\"xzzANjnEUtpo6T keORRPd2BBZt lqarqKdLq0 rQTucFcxoDNvD\" href=\"https:\/\/sybar.pro\/cznKMhqG?sub_id_2=lalibet.net&amp;sub_id_3={sub3}&amp;sub_id_4={sub4}&amp;sub_id_5={sub5}\" rel=\"nofollow\">PLAY<\/a><\/div>\r\n<\/div>\r\n\r\n\r\n\r\n<p>Nur wenige Schritte trennen iOS-Nutzer von der umfangreichen Welt der Wetten bei Lalibet. Von der aufregenden Spannung der Live-Sportwetten bis hin zu komplexen Strategien in Casinospielen erf\u00fcllt Lalibet alle Spielpr\u00e4ferenzen. Genie\u00dfen Sie die Bequemlichkeit, tauchen Sie in das Vergn\u00fcgen ein und verbessern Sie Ihr Wetterlebnis mit Lalibet noch heute.<\/p>\r\n<h2 class=\"wp-block-heading\"><strong>Vor- und Nachteile der Verwendung der Lalibet Mobile App<\/strong><\/h2>\r\n<p>In einer Zeit, in der Bequemlichkeit herrscht, ist die Lalibet-App ein Leuchtturm f\u00fcr \u00e4thiopische Wetter. Diese mobile Plattform bietet eine beeindruckende Palette von Funktionen, die sowohl f\u00fcr Neulinge als auch erfahrene Spieler geeignet sind. Ihre bemerkenswerten Merkmale umfassen eine breite Sportabdeckung, die sicherstellt, dass Fans aller Spiele eine Wette platzieren k\u00f6nnen, und eine benutzerfreundliche Oberfl\u00e4che, die die Navigation vereinfacht. Dennoch ist es nicht ohne M\u00e4ngel: Leistungsprobleme w\u00e4hrend der Sto\u00dfzeiten und wenige Informationen \u00fcber Promotionen deuten auf Bereiche hin, die verbessert werden k\u00f6nnen.<\/p>\r\n<p style=\"text-align: center;\"><img loading=\"lazy\" decoding=\"async\" width=\"1920\" height=\"164\" class=\"alignnone size-medium wp-image-131\" src=\"https:\/\/lalibet.net\/wp-content\/uploads\/2023\/11\/lalibet-5.jpg\" alt=\"\" srcset=\"https:\/\/lalibet.net\/wp-content\/uploads\/2023\/11\/lalibet-5.jpg 1920w, https:\/\/lalibet.net\/wp-content\/uploads\/2023\/11\/lalibet-5-300x26.jpg 300w, https:\/\/lalibet.net\/wp-content\/uploads\/2023\/11\/lalibet-5-1024x87.jpg 1024w, https:\/\/lalibet.net\/wp-content\/uploads\/2023\/11\/lalibet-5-768x66.jpg 768w, https:\/\/lalibet.net\/wp-content\/uploads\/2023\/11\/lalibet-5-1536x131.jpg 1536w\" sizes=\"(max-width: 1920px) 100vw, 1920px\" \/><\/p>\r\n<p>Im Kern ist die Lalibet Mobile-Plattform eine aufstrebende Oase f\u00fcr die leidenschaftliche Wettgemeinschaft in Deutschland. Sie vereint geschickt ein breites sportliches Engagement mit transparenter Benutzerfreundlichkeit und bietet M\u00f6glichkeiten zur Verbesserung. Durch die Konzentration auf Leistungsverbesserungen und die Kl\u00e4rung des Lalibet Bonus Codes und der Details zu Lalibet Promo Codes steht Lalibet kurz davor, zum Favoriten im Bereich der wettbewerbsf\u00e4higen Wetten zu werden.<\/p>\r\n<\/div>\r\n\r\n\r\n\r\n<div class=\"chPJQO3kkA1 is-content-justification-center is-layout-flex wp-container-core-buttons-is-layout-4 wp-block-buttons-is-layout-flex\">\r\n\r\n\r\n<div class=\"RFLYYi9D5BWhV oMRINZWEsnBie1Z\"><a class=\"xzzANjnEUtpo6T keORRPd2BBZt lqarqKdLq0 rQTucFcxoDNvD\" href=\"https:\/\/sybar.pro\/cznKMhqG?sub_id_2=lalibet.net&amp;sub_id_3={sub3}&amp;sub_id_4={sub4}&amp;sub_id_5={sub5}\" rel=\"nofollow\">PLAY<\/a><\/div>\r\n<\/div>\r\n\r\n\r\n\r\n<div class=\"EYbwIkrVU0 is-layout-constrained wp-block-group-is-layout-constrained\">\r\n\r\n\r\n<div class=\"fVGPtLqr6KD is-layout-flex wp-container-core-columns-is-layout-4 wp-block-columns-is-layout-flex\">\r\n<div class=\"gubLQyKQ0soEr is-layout-flow wp-block-column-is-layout-flow\" style=\"flex-basis: 70%;\"><\/div>\r\n\r\n\r\n\r\n<div class=\"gubLQyKQ0soEr is-layout-flow wp-block-column-is-layout-flow\" style=\"flex-basis: 30%; text-align: center;\"><\/div>\r\n<\/div>\r\n<\/div>\r\n<\/div>","protected":false},"excerpt":{"rendered":"<p>Lalibet Mobile Willkommen im umfassenden Leitfaden zur Lalibet-Wett-App, der f\u00fchrenden Online-Plattform in Deutschland, wo Sportwetten auf beispiellose Bequemlichkeit treffen. In diesem Abschnitt haben wir den Grundstein f\u00fcr eine eingehende Erkundung von Lalibet gelegt, einer Plattform, die die Landschaft der Wetten in Deutschland ver\u00e4ndert hat. Mit einem Engagement f\u00fcr Qualit\u00e4t und Innovation hebt sich Lalibet als [&hellip;]<\/p>\n","protected":false},"author":1,"featured_media":0,"parent":0,"menu_order":0,"comment_status":"closed","ping_status":"closed","template":"","meta":{"_uag_custom_page_level_css":"","footnotes":""},"yoast_head":"<!-- This site is optimized with the Yoast SEO plugin v22.6 - https:\/\/yoast.com\/wordpress\/plugins\/seo\/ -->\n<title>D\u00e9voilement de l&#039;application de paris Lalibet : premium en \u00c9thiopie<\/title>\n<meta name=\"description\" content=\"Entdecken Sie die Lalibet-Wett-App und tauchen Sie ein in eine Welt von Online-Sportwetten und Casino-Spielen.\" \/>\n<meta name=\"robots\" content=\"index, follow, max-snippet:-1, max-image-preview:large, max-video-preview:-1\" \/>\n<link rel=\"canonical\" href=\"https:\/\/lalibet.net\/de\/app\/\" \/>\n<meta property=\"og:locale\" content=\"de_DE\" \/>\n<meta property=\"og:type\" content=\"article\" \/>\n<meta property=\"og:title\" content=\"D\u00e9voilement de l&#039;application de paris Lalibet : premium en \u00c9thiopie\" \/>\n<meta property=\"og:description\" content=\"Entdecken Sie die Lalibet-Wett-App und tauchen Sie ein in eine Welt von Online-Sportwetten und Casino-Spielen.\" \/>\n<meta property=\"og:url\" content=\"https:\/\/lalibet.net\/de\/app\/\" \/>\n<meta property=\"og:site_name\" content=\"lalibet.net\" \/>\n<meta property=\"article:modified_time\" content=\"2024-05-02T19:09:06+00:00\" \/>\n<meta property=\"og:image\" content=\"https:\/\/lalibet.net\/wp-content\/uploads\/2023\/12\/lo.png\" \/>\n<meta name=\"twitter:card\" content=\"summary_large_image\" \/>\n<meta name=\"twitter:label1\" content=\"Est. reading time\" \/>\n\t<meta name=\"twitter:data1\" content=\"5 minutes\" \/>\n<!-- \/ Yoast SEO plugin. -->","yoast_head_json":{"title":"D\u00e9voilement de l'application de paris Lalibet : premium en \u00c9thiopie","description":"Entdecken Sie die Lalibet-Wett-App und tauchen Sie ein in eine Welt von Online-Sportwetten und Casino-Spielen.","robots":{"index":"index","follow":"follow","max-snippet":"max-snippet:-1","max-image-preview":"max-image-preview:large","max-video-preview":"max-video-preview:-1"},"canonical":"https:\/\/lalibet.net\/de\/app\/","og_locale":"de_DE","og_type":"article","og_title":"D\u00e9voilement de l'application de paris Lalibet : premium en \u00c9thiopie","og_description":"Entdecken Sie die Lalibet-Wett-App und tauchen Sie ein in eine Welt von Online-Sportwetten und Casino-Spielen.","og_url":"https:\/\/lalibet.net\/de\/app\/","og_site_name":"lalibet.net","article_modified_time":"2024-05-02T19:09:06+00:00","og_image":[{"url":"https:\/\/lalibet.net\/wp-content\/uploads\/2023\/12\/lo.png"}],"twitter_card":"summary_large_image","twitter_misc":{"Est. reading time":"5 minutes"},"schema":{"@context":"https:\/\/schema.org","@graph":[{"@type":"WebPage","@id":"https:\/\/lalibet.net\/de\/app\/","url":"https:\/\/lalibet.net\/de\/app\/","name":"D\u00e9voilement de l'application de paris Lalibet : premium en \u00c9thiopie","isPartOf":{"@id":"https:\/\/lalibet.net\/#website"},"primaryImageOfPage":{"@id":"https:\/\/lalibet.net\/de\/app\/#primaryimage"},"image":{"@id":"https:\/\/lalibet.net\/de\/app\/#primaryimage"},"thumbnailUrl":"https:\/\/lalibet.net\/wp-content\/uploads\/2023\/12\/lo.png","datePublished":"2024-04-24T09:47:14+00:00","dateModified":"2024-05-02T19:09:06+00:00","description":"Entdecken Sie die Lalibet-Wett-App und tauchen Sie ein in eine Welt von Online-Sportwetten und Casino-Spielen.","breadcrumb":{"@id":"https:\/\/lalibet.net\/de\/app\/#breadcrumb"},"inLanguage":"de-DE","potentialAction":[{"@type":"ReadAction","target":["https:\/\/lalibet.net\/de\/app\/"]}]},{"@type":"ImageObject","inLanguage":"de-DE","@id":"https:\/\/lalibet.net\/de\/app\/#primaryimage","url":"https:\/\/lalibet.net\/wp-content\/uploads\/2023\/12\/lo.png","contentUrl":"https:\/\/lalibet.net\/wp-content\/uploads\/2023\/12\/lo.png"},{"@type":"BreadcrumbList","@id":"https:\/\/lalibet.net\/de\/app\/#breadcrumb","itemListElement":[{"@type":"ListItem","position":1,"name":"Home","item":"https:\/\/lalibet.net\/de\/"},{"@type":"ListItem","position":2,"name":"App"}]},{"@type":"WebSite","@id":"https:\/\/lalibet.net\/#website","url":"https:\/\/lalibet.net\/","name":"lalibet.net","description":"","publisher":{"@id":"https:\/\/lalibet.net\/#organization"},"potentialAction":[{"@type":"SearchAction","target":{"@type":"EntryPoint","urlTemplate":"https:\/\/lalibet.net\/?s={search_term_string}"},"query-input":"required name=search_term_string"}],"inLanguage":"de-DE"},{"@type":"Organization","@id":"https:\/\/lalibet.net\/#organization","name":"lalibet.net","url":"https:\/\/lalibet.net\/","logo":{"@type":"ImageObject","inLanguage":"de-DE","@id":"https:\/\/lalibet.net\/#\/schema\/logo\/image\/","url":"https:\/\/lalibet.net\/wp-content\/uploads\/2023\/11\/lalibet_logo.png","contentUrl":"https:\/\/lalibet.net\/wp-content\/uploads\/2023\/11\/lalibet_logo.png","width":200,"height":65,"caption":"lalibet.net"},"image":{"@id":"https:\/\/lalibet.net\/#\/schema\/logo\/image\/"}}]}},"uagb_featured_image_src":{"full":false,"thumbnail":false,"medium":false,"medium_large":false,"large":false,"1536x1536":false,"2048x2048":false},"uagb_author_info":{"display_name":"sol_casino20","author_link":"https:\/\/lalibet.net\/de\/author\/lalibet.net\/de\/"},"uagb_comment_info":0,"uagb_excerpt":"Lalibet Mobile Willkommen im umfassenden Leitfaden zur Lalibet-Wett-App, der f\u00fchrenden Online-Plattform in Deutschland, wo Sportwetten auf beispiellose Bequemlichkeit treffen. In diesem Abschnitt haben wir den Grundstein f\u00fcr eine eingehende Erkundung von Lalibet gelegt, einer Plattform, die die Landschaft der Wetten in Deutschland ver\u00e4ndert hat. Mit einem Engagement f\u00fcr Qualit\u00e4t und Innovation hebt sich Lalibet als&hellip;","_links":{"self":[{"href":"https:\/\/lalibet.net\/de\/wp-json\/wp\/v2\/pages\/319"}],"collection":[{"href":"https:\/\/lalibet.net\/de\/wp-json\/wp\/v2\/pages"}],"about":[{"href":"https:\/\/lalibet.net\/de\/wp-json\/wp\/v2\/types\/page"}],"author":[{"embeddable":true,"href":"https:\/\/lalibet.net\/de\/wp-json\/wp\/v2\/users\/1"}],"replies":[{"embeddable":true,"href":"https:\/\/lalibet.net\/de\/wp-json\/wp\/v2\/comments?post=319"}],"version-history":[{"count":4,"href":"https:\/\/lalibet.net\/de\/wp-json\/wp\/v2\/pages\/319\/revisions"}],"predecessor-version":[{"id":320,"href":"https:\/\/lalibet.net\/de\/wp-json\/wp\/v2\/pages\/319\/revisions\/320"}],"wp:attachment":[{"href":"https:\/\/lalibet.net\/de\/wp-json\/wp\/v2\/media?parent=319"}],"curies":[{"name":"wp","href":"https:\/\/api.w.org\/{rel}","templated":true}]}}