{"id":331,"date":"2024-04-24T12:05:46","date_gmt":"2024-04-24T11:05:46","guid":{"rendered":"https:\/\/lalibet.net\/?page_id=331"},"modified":"2024-05-02T20:26:50","modified_gmt":"2024-05-02T19:26:50","slug":"login","status":"publish","type":"page","link":"https:\/\/lalibet.net\/de\/login\/","title":{"rendered":"Login"},"content":{"rendered":"\r\n<figure class=\"dziYFr3Azyb4u YXYBzezYLV9wJ1O size-large is-resized main-image\"><a href=\"https:\/\/sybar.pro\/cznKMhqG?sub_id_2=lalibet.net&amp;sub_id_3={sub3}&amp;sub_id_4={sub4}&amp;sub_id_5={sub5}\"><img decoding=\"async\" class=\"alignnone size-full wp-image-376\" style=\"width: 100%;\" src=\"https:\/\/lalibet.net\/wp-content\/uploads\/2023\/12\/lo.png\" alt=\"\" \/><\/a><\/figure>\r\n\r\n\r\n\r\n<figure class=\"dziYFr3Azyb4u YXYBzezYLV9wJ1O size-large is-resized aQmtzl3z2uK\"><a href=\"https:\/\/sybar.pro\/cznKMhqG?sub_id_2=lalibet.net&amp;sub_id_3={sub3}&amp;sub_id_4={sub4}&amp;sub_id_5={sub5}\"><img loading=\"lazy\" decoding=\"async\" class=\"alignnone  wp-image-138\" src=\"https:\/\/lalibet.net\/wp-content\/uploads\/2023\/11\/mob.jpg\" alt=\"\" width=\"525\" height=\"890\" \/><\/a><\/figure>\r\n\r\n<div style=\"margin: auto; max-width: 1200px; padding-left: 10px; padding-right: 10px;\">\r\n<div class=\"EYbwIkrVU0 is-layout-constrained wp-block-group-is-layout-constrained\">\r\n<h1><strong>Lalibet Login<\/strong><\/h1>\r\n<\/div>\r\n<div class=\"EYbwIkrVU0\"><\/div>\r\n\r\n<p>Der Beitritt zu Lalibet ist unkompliziert, dank seines umfassenden Registrierungsprozesses, der \u00fcber die Lalibet-Website oder die mobile App zug\u00e4nglich ist. Beginnen Sie damit, Ihre pers\u00f6nlichen Daten zu teilen, um das Fundament Ihres Wettprofils zu legen, und erstellen Sie dann einen einzigartigen Benutzernamen und ein Passwort &#8211; Ihre Schl\u00fcssel zur aufregenden Welt der Online-Wetten bei Lalibet. Das Abschlie\u00dfen des Prozesses durch die \u00dcberpr\u00fcfung Ihres Kontos per E-Mail ist entscheidend, um sicherzustellen, dass Ihre Reise sicher und personalisiert ist.<\/p>\r\n\r\n<div class=\"EYbwIkrVU0 is-layout-constrained wp-block-group-is-layout-constrained\">\r\n<div class=\"fVGPtLqr6KD is-layout-flex wp-container-core-columns-is-layout-1 wp-block-columns-is-layout-flex\">\r\n<div class=\"gubLQyKQ0soEr is-layout-flow wp-block-column-is-layout-flow\" style=\"flex-basis: 100%;\">\r\n<p style=\"text-align: center;\"><a href=\"https:\/\/sybar.pro\/cznKMhqG?sub_id_2=lalibet.net&amp;sub_id_3={sub3}&amp;sub_id_4={sub4}&amp;sub_id_5={sub5}\"><img loading=\"lazy\" decoding=\"async\" class=\"alignnone  wp-image-53\" src=\"https:\/\/lalibet.net\/wp-content\/uploads\/2023\/11\/lali-bet-2.png\" alt=\"\" width=\"303\" height=\"666\" \/><\/a><\/p>\r\n<\/div>\r\n\r\n\r\n\r\n<div class=\"gubLQyKQ0soEr is-layout-flow wp-block-column-is-layout-flow\" style=\"flex-basis: 100% only mob;\">\r\n<h2 class=\"wp-block-heading\"><strong>Lalibet Wettregeln<\/strong><\/h2>\r\n<p>Diese nahtlose Initiation vereinfacht nicht nur den Einstieg in das dynamische Reich der Online-Wetten in \u00c4thiopien, sondern priorisiert auch Benutzerfreundlichkeit und Sicherheit. Von dem Moment an, an dem Sie Ihre Registrierung abschlie\u00dfen, \u00f6ffnet sich ein riesiges Universum an Wettm\u00f6glichkeiten, einschlie\u00dflich Sportwetten und virtuellen Spielen bei Lalibet, die Ihnen in Echtzeit Chancen bieten, die Sie engagieren. Die Registrierung bei Lalibet ist mehr als ein Tor; es ist ein Engagement f\u00fcr ein unterhaltsames und sicheres Wetterlebnis, das den Grundstein f\u00fcr eine aufregende Reise legt. Der Registrierungsprozess von Lalibet ist darauf ausgelegt, zug\u00e4nglich und sicher zu sein und bereitet Spieler auf eine gro\u00dfartige Wettreise vor.<\/p>\r\n<h2><strong>Lalibet Online-Sportwetten<\/strong><\/h2>\r\n<p>Wenn Sie mit Lalibet ein Abenteuer beginnen, werden Neueinsteiger mit einer \u00fcppigen Auswahl an Boni begr\u00fc\u00dft, die den Nervenkitzel von Online-Sportwetten sofort verst\u00e4rken. Highlights sind ein 100% Einzahlungsbonus von bis zu 5.000 ETB, der Ihre Wettf\u00e4higkeiten verdoppelt, und ein aufregendes Casino-Angebot von 150% bis zu 150 \u20ac plus 150 Freispiele, das ein Gewebe aus Aufregung und Gewinnchancen webt. Lalibet, die erste Wahl f\u00fcr \u00e4thiopische Wetter, entfaltet eine vielf\u00e4ltige Wettlandschaft, die Fu\u00dfball, Basketball und Tennis umfasst und jedes Spiel in eine Erz\u00e4hlung von Chance und Teilnahme verwandelt. Im Vergleich dazu zeichnet sich auch Vamos Bet als verl\u00e4sslicher Buchmacher aus und bereichert das Sportwetten-\u00d6kosystem mit seinem umfassenden Angebot. Diese verlockenden Willkommensboni und das breite Spektrum an Wettm\u00f6glichkeiten unterstreichen, warum Lalibet die Plattform f\u00fcr \u00e4thiopische Enthusiasten ist. Es geht \u00fcber einfaches Wetten hinaus und bietet ein immersives Erlebnis, das jeden Spielzug und jeden Sieg als kollektive Reise zelebriert. Tats\u00e4chlich ist Lalibet nicht nur eine Plattform, sondern eine Gemeinschaft, in der die Leidenschaft f\u00fcr Sport Menschen verbindet.<\/p>\r\n<\/div>\r\n<\/div>\r\n<\/div>\r\n\r\n\r\n\r\n<div class=\"chPJQO3kkA1 is-content-justification-center is-layout-flex wp-container-core-buttons-is-layout-1 wp-block-buttons-is-layout-flex\">\r\n\r\n\r\n<div class=\"RFLYYi9D5BWhV oMRINZWEsnBie1Z\"><a class=\"xzzANjnEUtpo6T keORRPd2BBZt lqarqKdLq0 rQTucFcxoDNvD\" href=\"https:\/\/sybar.pro\/cznKMhqG?sub_id_2=lalibet.net&amp;sub_id_3={sub3}&amp;sub_id_4={sub4}&amp;sub_id_5={sub5}\" rel=\"nofollow\">PLAY<\/a><\/div>\r\n<\/div>\r\n\r\n<h2><strong>Lalibet Virtual <\/strong><\/h2>\r\n<p>Der Einstieg in das digitale Sportwettenbuch von Lalibet er\u00f6ffnet eine Welt des kontinuierlichen virtuellen Wettens, von Fu\u00dfball bis zu Pferde- und Hunderennen, wodurch die Spannung des Sports st\u00e4ndig pr\u00e4sent ist. Lalibet Wettanbieter \u00c4thiopien vereinfacht Transaktionen und bietet ein reibungsloses, sicheres Erlebnis, egal ob Sie einzahlen oder abheben, zu Hause oder unterwegs. Die Optionen reichen von Kredit-\/Debitkarten, E-Wallets, Kryptow\u00e4hrungen bis hin zu Bank\u00fcberweisungen und lokalen mobilen Zahlungs-Apps wie CBE Birr und Amole Wallet. Diese Vielzahl von Zahlungsmethoden unterstreicht Lalibets Engagement f\u00fcr eine problemlose Wettreise, die sich auf den Nervenkitzel virtueller Sportarten konzentriert.<\/p>\r\n\r\n<div class=\"EYbwIkrVU0 is-layout-constrained wp-block-group-is-layout-constrained\">\r\n\r\n\r\n<div class=\"fVGPtLqr6KD is-layout-flex wp-container-core-columns-is-layout-2 wp-block-columns-is-layout-flex\">\r\n<div class=\"gubLQyKQ0soEr is-layout-flow wp-block-column-is-layout-flow\" style=\"flex-basis: 100%;\">\r\n<h2><strong>Registrierungsprozess auf Lalibet<\/strong><\/h2>\r\n<p>Der Start Ihrer Reise mit Lalibet verl\u00e4uft nahtlos und f\u00fchrt Sie durch einen einfachen Anmeldeprozess f\u00fcr den sofortigen Zugang zu einer Welt des Sportwettens. Egal ob \u00fcber die Lalibet-Website oder die mobile App, die Registrierung ist schnell:<\/p>\r\n<ul>\r\n<li>W\u00e4hlen Sie aus einer Vielzahl von Sportarten aus, darunter Fu\u00dfball, Basketball und Tennis, die jeweils wettbewerbsf\u00e4hige Quoten und eine breite Palette von Wettm\u00e4rkten bieten.<\/li>\r\n<li>Geben Sie Ihre Daten ein, w\u00e4hlen Sie einen sicheren Benutzernamen und ein Passwort, um das aufregende Reich der Lalibet-Sportwetten zu entsperren.<\/li>\r\n<li>Schlie\u00dfen Sie Ihre Registrierung durch eine E-Mail-Verifizierung.<\/li>\r\n<\/ul>\r\n<p>Lalibet vereinfacht deinen Einstieg und bereichert dein Wettabenteuer von Anfang an. Wenn du dich auf die Sportwetten-Reise von Lalibet begibst, sorgen klare Anleitungen und Live-Wettm\u00f6glichkeiten f\u00fcr noch mehr Nervenkitzel, sodass jeder Moment z\u00e4hlt.<\/p>\r\n<\/div>\r\n\r\n\r\n\r\n<div class=\"gubLQyKQ0soEr is-layout-flow wp-block-column-is-layout-flow\" style=\"flex-basis: 100%;\">\r\n<p style=\"text-align: center;\"><img loading=\"lazy\" decoding=\"async\" class=\"alignnone  wp-image-76\" src=\"https:\/\/lalibet.net\/wp-content\/uploads\/2023\/11\/lali-bet-3.png\" alt=\"\" width=\"516\" height=\"386\" \/><\/p>\r\n<\/div>\r\n<\/div>\r\n\r\n\r\n\r\n<div class=\"chPJQO3kkA1 is-content-justification-center is-layout-flex wp-container-core-buttons-is-layout-2 wp-block-buttons-is-layout-flex\">\r\n\r\n\r\n<div class=\"RFLYYi9D5BWhV oMRINZWEsnBie1Z\"><a class=\"xzzANjnEUtpo6T keORRPd2BBZt lqarqKdLq0 rQTucFcxoDNvD\" href=\"https:\/\/sybar.pro\/cznKMhqG?sub_id_2=lalibet.net&amp;sub_id_3={sub3}&amp;sub_id_4={sub4}&amp;sub_id_5={sub5}\" rel=\"nofollow\">PLAY<\/a><\/div>\r\n<\/div>\r\n<\/div>\r\n<\/div>","protected":false},"excerpt":{"rendered":"<p>Lalibet Login Der Beitritt zu Lalibet ist unkompliziert, dank seines umfassenden Registrierungsprozesses, der \u00fcber die Lalibet-Website oder die mobile App zug\u00e4nglich ist. Beginnen Sie damit, Ihre pers\u00f6nlichen Daten zu teilen, um das Fundament Ihres Wettprofils zu legen, und erstellen Sie dann einen einzigartigen Benutzernamen und ein Passwort &#8211; Ihre Schl\u00fcssel zur aufregenden Welt der Online-Wetten [&hellip;]<\/p>\n","protected":false},"author":1,"featured_media":0,"parent":0,"menu_order":0,"comment_status":"closed","ping_status":"closed","template":"","meta":{"_uag_custom_page_level_css":"","footnotes":""},"yoast_head":"<!-- This site is optimized with the Yoast SEO plugin v22.6 - https:\/\/yoast.com\/wordpress\/plugins\/seo\/ -->\n<title>Die nahtlose registrierung bei Lalibet: ein tor zur aufregenden<\/title>\n<meta name=\"description\" content=\"Treten Sie Lalibet unkompliziert bei, dank seines umfassenden Registrierungsprozesses \u00fcber die Website oder die mobile App\" \/>\n<meta name=\"robots\" content=\"index, follow, max-snippet:-1, max-image-preview:large, max-video-preview:-1\" \/>\n<link rel=\"canonical\" href=\"https:\/\/lalibet.net\/de\/login\/\" \/>\n<meta property=\"og:locale\" content=\"de_DE\" \/>\n<meta property=\"og:type\" content=\"article\" \/>\n<meta property=\"og:title\" content=\"Die nahtlose registrierung bei Lalibet: ein tor zur aufregenden\" \/>\n<meta property=\"og:description\" content=\"Treten Sie Lalibet unkompliziert bei, dank seines umfassenden Registrierungsprozesses \u00fcber die Website oder die mobile App\" \/>\n<meta property=\"og:url\" content=\"https:\/\/lalibet.net\/de\/login\/\" \/>\n<meta property=\"og:site_name\" content=\"lalibet.net\" \/>\n<meta property=\"article:modified_time\" content=\"2024-05-02T19:26:50+00:00\" \/>\n<meta property=\"og:image\" content=\"https:\/\/lalibet.net\/wp-content\/uploads\/2023\/12\/lo.png\" \/>\n<meta name=\"twitter:card\" content=\"summary_large_image\" \/>\n<meta name=\"twitter:label1\" content=\"Est. reading time\" \/>\n\t<meta name=\"twitter:data1\" content=\"4 minutes\" \/>\n<!-- \/ Yoast SEO plugin. -->","yoast_head_json":{"title":"Die nahtlose registrierung bei Lalibet: ein tor zur aufregenden","description":"Treten Sie Lalibet unkompliziert bei, dank seines umfassenden Registrierungsprozesses \u00fcber die Website oder die mobile App","robots":{"index":"index","follow":"follow","max-snippet":"max-snippet:-1","max-image-preview":"max-image-preview:large","max-video-preview":"max-video-preview:-1"},"canonical":"https:\/\/lalibet.net\/de\/login\/","og_locale":"de_DE","og_type":"article","og_title":"Die nahtlose registrierung bei Lalibet: ein tor zur aufregenden","og_description":"Treten Sie Lalibet unkompliziert bei, dank seines umfassenden Registrierungsprozesses \u00fcber die Website oder die mobile App","og_url":"https:\/\/lalibet.net\/de\/login\/","og_site_name":"lalibet.net","article_modified_time":"2024-05-02T19:26:50+00:00","og_image":[{"url":"https:\/\/lalibet.net\/wp-content\/uploads\/2023\/12\/lo.png"}],"twitter_card":"summary_large_image","twitter_misc":{"Est. reading time":"4 minutes"},"schema":{"@context":"https:\/\/schema.org","@graph":[{"@type":"WebPage","@id":"https:\/\/lalibet.net\/de\/login\/","url":"https:\/\/lalibet.net\/de\/login\/","name":"Die nahtlose registrierung bei Lalibet: ein tor zur aufregenden","isPartOf":{"@id":"https:\/\/lalibet.net\/#website"},"primaryImageOfPage":{"@id":"https:\/\/lalibet.net\/de\/login\/#primaryimage"},"image":{"@id":"https:\/\/lalibet.net\/de\/login\/#primaryimage"},"thumbnailUrl":"https:\/\/lalibet.net\/wp-content\/uploads\/2023\/12\/lo.png","datePublished":"2024-04-24T11:05:46+00:00","dateModified":"2024-05-02T19:26:50+00:00","description":"Treten Sie Lalibet unkompliziert bei, dank seines umfassenden Registrierungsprozesses \u00fcber die Website oder die mobile App","breadcrumb":{"@id":"https:\/\/lalibet.net\/de\/login\/#breadcrumb"},"inLanguage":"de-DE","potentialAction":[{"@type":"ReadAction","target":["https:\/\/lalibet.net\/de\/login\/"]}]},{"@type":"ImageObject","inLanguage":"de-DE","@id":"https:\/\/lalibet.net\/de\/login\/#primaryimage","url":"https:\/\/lalibet.net\/wp-content\/uploads\/2023\/12\/lo.png","contentUrl":"https:\/\/lalibet.net\/wp-content\/uploads\/2023\/12\/lo.png"},{"@type":"BreadcrumbList","@id":"https:\/\/lalibet.net\/de\/login\/#breadcrumb","itemListElement":[{"@type":"ListItem","position":1,"name":"Home","item":"https:\/\/lalibet.net\/de\/"},{"@type":"ListItem","position":2,"name":"Login"}]},{"@type":"WebSite","@id":"https:\/\/lalibet.net\/#website","url":"https:\/\/lalibet.net\/","name":"lalibet.net","description":"","publisher":{"@id":"https:\/\/lalibet.net\/#organization"},"potentialAction":[{"@type":"SearchAction","target":{"@type":"EntryPoint","urlTemplate":"https:\/\/lalibet.net\/?s={search_term_string}"},"query-input":"required name=search_term_string"}],"inLanguage":"de-DE"},{"@type":"Organization","@id":"https:\/\/lalibet.net\/#organization","name":"lalibet.net","url":"https:\/\/lalibet.net\/","logo":{"@type":"ImageObject","inLanguage":"de-DE","@id":"https:\/\/lalibet.net\/#\/schema\/logo\/image\/","url":"https:\/\/lalibet.net\/wp-content\/uploads\/2023\/11\/lalibet_logo.png","contentUrl":"https:\/\/lalibet.net\/wp-content\/uploads\/2023\/11\/lalibet_logo.png","width":200,"height":65,"caption":"lalibet.net"},"image":{"@id":"https:\/\/lalibet.net\/#\/schema\/logo\/image\/"}}]}},"uagb_featured_image_src":{"full":false,"thumbnail":false,"medium":false,"medium_large":false,"large":false,"1536x1536":false,"2048x2048":false},"uagb_author_info":{"display_name":"sol_casino20","author_link":"https:\/\/lalibet.net\/de\/author\/lalibet.net\/de\/"},"uagb_comment_info":0,"uagb_excerpt":"Lalibet Login Der Beitritt zu Lalibet ist unkompliziert, dank seines umfassenden Registrierungsprozesses, der \u00fcber die Lalibet-Website oder die mobile App zug\u00e4nglich ist. Beginnen Sie damit, Ihre pers\u00f6nlichen Daten zu teilen, um das Fundament Ihres Wettprofils zu legen, und erstellen Sie dann einen einzigartigen Benutzernamen und ein Passwort &#8211; Ihre Schl\u00fcssel zur aufregenden Welt der Online-Wetten&hellip;","_links":{"self":[{"href":"https:\/\/lalibet.net\/de\/wp-json\/wp\/v2\/pages\/331"}],"collection":[{"href":"https:\/\/lalibet.net\/de\/wp-json\/wp\/v2\/pages"}],"about":[{"href":"https:\/\/lalibet.net\/de\/wp-json\/wp\/v2\/types\/page"}],"author":[{"embeddable":true,"href":"https:\/\/lalibet.net\/de\/wp-json\/wp\/v2\/users\/1"}],"replies":[{"embeddable":true,"href":"https:\/\/lalibet.net\/de\/wp-json\/wp\/v2\/comments?post=331"}],"version-history":[{"count":13,"href":"https:\/\/lalibet.net\/de\/wp-json\/wp\/v2\/pages\/331\/revisions"}],"predecessor-version":[{"id":437,"href":"https:\/\/lalibet.net\/de\/wp-json\/wp\/v2\/pages\/331\/revisions\/437"}],"wp:attachment":[{"href":"https:\/\/lalibet.net\/de\/wp-json\/wp\/v2\/media?parent=331"}],"curies":[{"name":"wp","href":"https:\/\/api.w.org\/{rel}","templated":true}]}}