{"id":233,"date":"2023-12-25T07:59:00","date_gmt":"2023-12-25T07:59:00","guid":{"rendered":"https:\/\/lalibet.net\/a-propos-de-nous\/"},"modified":"2023-12-25T07:59:00","modified_gmt":"2023-12-25T07:59:00","slug":"a-propos-de-nous","status":"publish","type":"page","link":"https:\/\/lalibet.net\/fr\/a-propos-de-nous\/","title":{"rendered":"\u00c0 propos de nous"},"content":{"rendered":"<div class=\"UolpaJrKz3uU\">\n<section class=\"qEWrQ53RFJ\">\n<div style=\"padding-left: 20px; padding-right: 20px; text-align: center;\">\n<p>LaLibet est un symbole d&#8217;innovation et de fiabilit\u00e9 dans le monde passionnant des paris en ligne. Passionn\u00e9s par l&#8217;excellence, nous sommes fiers de proposer une plateforme compl\u00e8te qui s&#8217;adresse aussi bien aux parieurs chevronn\u00e9s qu&#8217;aux nouveaux venus. Notre parcours est ancr\u00e9 dans un engagement de transparence, d&#8217;int\u00e9grit\u00e9 et de plaisir d&#8217;offrir des options de paris sportifs et de jeux de casino de premier ordre.  <\/p>\n<p><img loading=\"lazy\" decoding=\"async\" class=\"alignnone size-full wp-image-145\" src=\"https:\/\/lalibet.net\/wp-content\/uploads\/2023\/11\/lalibet_logo.png\" alt=\"\" width=\"200\" height=\"65\"><\/p>\n<p>LaLibet a rapidement \u00e9merg\u00e9 comme une destination de confiance pour les passionn\u00e9s du monde entier, gr\u00e2ce \u00e0 une philosophie qui place la satisfaction du client au premier plan. Notre interface conviviale assure une navigation ais\u00e9e, tandis que notre d\u00e9vouement \u00e0 l&#8217;int\u00e9grit\u00e9 transpara\u00eet dans tous les aspects de notre plateforme. Rejoignez-nous \u00e0 LaLibet, o\u00f9 l&#8217;excitation du pari rencontre un engagement d&#8217;excellence, et embarquez pour un voyage qui promet une aventure de pari en ligne in\u00e9gal\u00e9e.  <\/p>\n<\/div>\n<\/section>\n<\/div>\n","protected":false},"excerpt":{"rendered":"<p>LaLibet est un symbole d&#8217;innovation et de fiabilit\u00e9 dans le monde passionnant des paris en ligne. Passionn\u00e9s par l&#8217;excellence, nous sommes fiers de proposer une plateforme compl\u00e8te qui s&#8217;adresse aussi bien aux parieurs chevronn\u00e9s qu&#8217;aux nouveaux venus. Notre parcours est ancr\u00e9 dans un engagement de transparence, d&#8217;int\u00e9grit\u00e9 et de plaisir d&#8217;offrir des options de paris [&hellip;]<\/p>\n","protected":false},"author":1,"featured_media":0,"parent":0,"menu_order":0,"comment_status":"closed","ping_status":"closed","template":"","meta":{"_uag_custom_page_level_css":"","footnotes":""},"yoast_head":"<!-- This site is optimized with the Yoast SEO plugin v22.6 - https:\/\/yoast.com\/wordpress\/plugins\/seo\/ -->\n<title>D\u00e9couvrez LaLibet - L&#039;excellence dans les paris en ligne<\/title>\n<meta name=\"description\" content=\"Plongez dans l&#039;univers de LaLibet sur notre page \u00c0 propos de nous, o\u00f9 se d\u00e9roule l&#039;histoire de l&#039;excellence et de l&#039;innovation dans le domaine des paris en ligne. D\u00e9couvrez l&#039;essence de LaLibet, une plateforme distingu\u00e9e, m\u00e9ticuleusement con\u00e7ue pour am\u00e9liorer votre exp\u00e9rience des paris en ligne.\" \/>\n<meta name=\"robots\" content=\"index, follow, max-snippet:-1, max-image-preview:large, max-video-preview:-1\" \/>\n<link rel=\"canonical\" href=\"https:\/\/lalibet.net\/fr\/a-propos-de-nous\/\" \/>\n<meta property=\"og:locale\" content=\"fr_FR\" \/>\n<meta property=\"og:type\" content=\"article\" \/>\n<meta property=\"og:title\" content=\"D\u00e9couvrez LaLibet - L&#039;excellence dans les paris en ligne\" \/>\n<meta property=\"og:description\" content=\"Plongez dans l&#039;univers de LaLibet sur notre page \u00c0 propos de nous, o\u00f9 se d\u00e9roule l&#039;histoire de l&#039;excellence et de l&#039;innovation dans le domaine des paris en ligne. D\u00e9couvrez l&#039;essence de LaLibet, une plateforme distingu\u00e9e, m\u00e9ticuleusement con\u00e7ue pour am\u00e9liorer votre exp\u00e9rience des paris en ligne.\" \/>\n<meta property=\"og:url\" content=\"https:\/\/lalibet.net\/fr\/a-propos-de-nous\/\" \/>\n<meta property=\"og:site_name\" content=\"lalibet.net\" \/>\n<meta property=\"og:image\" content=\"https:\/\/lalibet.net\/wp-content\/uploads\/2023\/11\/lalibet_logo.png\" \/>\n<meta name=\"twitter:card\" content=\"summary_large_image\" \/>\n<meta name=\"twitter:label1\" content=\"Est. reading time\" \/>\n\t<meta name=\"twitter:data1\" content=\"1 minute\" \/>\n<!-- \/ Yoast SEO plugin. -->","yoast_head_json":{"title":"D\u00e9couvrez LaLibet - L'excellence dans les paris en ligne","description":"Plongez dans l'univers de LaLibet sur notre page \u00c0 propos de nous, o\u00f9 se d\u00e9roule l'histoire de l'excellence et de l'innovation dans le domaine des paris en ligne. D\u00e9couvrez l'essence de LaLibet, une plateforme distingu\u00e9e, m\u00e9ticuleusement con\u00e7ue pour am\u00e9liorer votre exp\u00e9rience des paris en ligne.","robots":{"index":"index","follow":"follow","max-snippet":"max-snippet:-1","max-image-preview":"max-image-preview:large","max-video-preview":"max-video-preview:-1"},"canonical":"https:\/\/lalibet.net\/fr\/a-propos-de-nous\/","og_locale":"fr_FR","og_type":"article","og_title":"D\u00e9couvrez LaLibet - L'excellence dans les paris en ligne","og_description":"Plongez dans l'univers de LaLibet sur notre page \u00c0 propos de nous, o\u00f9 se d\u00e9roule l'histoire de l'excellence et de l'innovation dans le domaine des paris en ligne. D\u00e9couvrez l'essence de LaLibet, une plateforme distingu\u00e9e, m\u00e9ticuleusement con\u00e7ue pour am\u00e9liorer votre exp\u00e9rience des paris en ligne.","og_url":"https:\/\/lalibet.net\/fr\/a-propos-de-nous\/","og_site_name":"lalibet.net","og_image":[{"url":"https:\/\/lalibet.net\/wp-content\/uploads\/2023\/11\/lalibet_logo.png"}],"twitter_card":"summary_large_image","twitter_misc":{"Est. reading time":"1 minute"},"schema":{"@context":"https:\/\/schema.org","@graph":[{"@type":"WebPage","@id":"https:\/\/lalibet.net\/fr\/a-propos-de-nous\/","url":"https:\/\/lalibet.net\/fr\/a-propos-de-nous\/","name":"D\u00e9couvrez LaLibet - L'excellence dans les paris en ligne","isPartOf":{"@id":"https:\/\/lalibet.net\/#website"},"primaryImageOfPage":{"@id":"https:\/\/lalibet.net\/fr\/a-propos-de-nous\/#primaryimage"},"image":{"@id":"https:\/\/lalibet.net\/fr\/a-propos-de-nous\/#primaryimage"},"thumbnailUrl":"https:\/\/lalibet.net\/wp-content\/uploads\/2023\/11\/lalibet_logo.png","datePublished":"2023-12-25T07:59:00+00:00","dateModified":"2023-12-25T07:59:00+00:00","description":"Plongez dans l'univers de LaLibet sur notre page \u00c0 propos de nous, o\u00f9 se d\u00e9roule l'histoire de l'excellence et de l'innovation dans le domaine des paris en ligne. D\u00e9couvrez l'essence de LaLibet, une plateforme distingu\u00e9e, m\u00e9ticuleusement con\u00e7ue pour am\u00e9liorer votre exp\u00e9rience des paris en ligne.","breadcrumb":{"@id":"https:\/\/lalibet.net\/fr\/a-propos-de-nous\/#breadcrumb"},"inLanguage":"fr-FR","potentialAction":[{"@type":"ReadAction","target":["https:\/\/lalibet.net\/fr\/a-propos-de-nous\/"]}]},{"@type":"ImageObject","inLanguage":"fr-FR","@id":"https:\/\/lalibet.net\/fr\/a-propos-de-nous\/#primaryimage","url":"https:\/\/lalibet.net\/wp-content\/uploads\/2023\/11\/lalibet_logo.png","contentUrl":"https:\/\/lalibet.net\/wp-content\/uploads\/2023\/11\/lalibet_logo.png"},{"@type":"BreadcrumbList","@id":"https:\/\/lalibet.net\/fr\/a-propos-de-nous\/#breadcrumb","itemListElement":[{"@type":"ListItem","position":1,"name":"Home","item":"https:\/\/lalibet.net\/fr\/"},{"@type":"ListItem","position":2,"name":"\u00c0 propos de nous"}]},{"@type":"WebSite","@id":"https:\/\/lalibet.net\/#website","url":"https:\/\/lalibet.net\/","name":"lalibet.net","description":"","publisher":{"@id":"https:\/\/lalibet.net\/#organization"},"potentialAction":[{"@type":"SearchAction","target":{"@type":"EntryPoint","urlTemplate":"https:\/\/lalibet.net\/?s={search_term_string}"},"query-input":"required name=search_term_string"}],"inLanguage":"fr-FR"},{"@type":"Organization","@id":"https:\/\/lalibet.net\/#organization","name":"lalibet.net","url":"https:\/\/lalibet.net\/","logo":{"@type":"ImageObject","inLanguage":"fr-FR","@id":"https:\/\/lalibet.net\/#\/schema\/logo\/image\/","url":"https:\/\/lalibet.net\/wp-content\/uploads\/2023\/11\/lalibet_logo.png","contentUrl":"https:\/\/lalibet.net\/wp-content\/uploads\/2023\/11\/lalibet_logo.png","width":200,"height":65,"caption":"lalibet.net"},"image":{"@id":"https:\/\/lalibet.net\/#\/schema\/logo\/image\/"}}]}},"uagb_featured_image_src":{"full":false,"thumbnail":false,"medium":false,"medium_large":false,"large":false,"1536x1536":false,"2048x2048":false},"uagb_author_info":{"display_name":"sol_casino20","author_link":"https:\/\/lalibet.net\/fr\/author\/lalibet.net\/fr\/"},"uagb_comment_info":0,"uagb_excerpt":"LaLibet est un symbole d&#8217;innovation et de fiabilit\u00e9 dans le monde passionnant des paris en ligne. Passionn\u00e9s par l&#8217;excellence, nous sommes fiers de proposer une plateforme compl\u00e8te qui s&#8217;adresse aussi bien aux parieurs chevronn\u00e9s qu&#8217;aux nouveaux venus. Notre parcours est ancr\u00e9 dans un engagement de transparence, d&#8217;int\u00e9grit\u00e9 et de plaisir d&#8217;offrir des options de paris&hellip;","_links":{"self":[{"href":"https:\/\/lalibet.net\/fr\/wp-json\/wp\/v2\/pages\/233"}],"collection":[{"href":"https:\/\/lalibet.net\/fr\/wp-json\/wp\/v2\/pages"}],"about":[{"href":"https:\/\/lalibet.net\/fr\/wp-json\/wp\/v2\/types\/page"}],"author":[{"embeddable":true,"href":"https:\/\/lalibet.net\/fr\/wp-json\/wp\/v2\/users\/1"}],"replies":[{"embeddable":true,"href":"https:\/\/lalibet.net\/fr\/wp-json\/wp\/v2\/comments?post=233"}],"version-history":[{"count":0,"href":"https:\/\/lalibet.net\/fr\/wp-json\/wp\/v2\/pages\/233\/revisions"}],"wp:attachment":[{"href":"https:\/\/lalibet.net\/fr\/wp-json\/wp\/v2\/media?parent=233"}],"curies":[{"name":"wp","href":"https:\/\/api.w.org\/{rel}","templated":true}]}}