{"id":234,"date":"2023-12-25T07:52:28","date_gmt":"2023-12-25T07:52:28","guid":{"rendered":"https:\/\/lalibet.net\/contacts\/"},"modified":"2023-12-25T07:52:28","modified_gmt":"2023-12-25T07:52:28","slug":"contacts","status":"publish","type":"page","link":"https:\/\/lalibet.net\/fr\/contacts\/","title":{"rendered":"Contacts"},"content":{"rendered":"<div class=\"UolpaJrKz3uU\">\n<section class=\"qEWrQ53RFJ\">\n<div style=\"padding-left: 15px; padding-right: 15px;\">\n<p>Vous avez besoin d&#8217;aide ou vous avez des questions ? Contactez nous ! <\/p>\n<p>Nous sommes l\u00e0 pour vous fournir un soutien et une assistance d\u00e9di\u00e9e \u00e0 tout moment. Trouvez les coordonn\u00e9es de Lalibet ici. <\/p>\n<p>(ethbet@skiff.com).<\/p>\n<p>&nbsp;<\/p>\n<\/div>\n<\/section>\n<p><!-- .entry-content --><\/p>\n<\/p><\/div>\n<p><!-- .entry-content --><\/p>\n","protected":false},"excerpt":{"rendered":"<p>Vous avez besoin d&#8217;aide ou vous avez des questions ? Contactez nous ! Nous sommes l\u00e0 pour vous fournir un soutien et une assistance d\u00e9di\u00e9e \u00e0 tout moment. Trouvez les coordonn\u00e9es de Lalibet ici. (ethbet@skiff.com). &nbsp;<\/p>\n","protected":false},"author":1,"featured_media":0,"parent":0,"menu_order":0,"comment_status":"closed","ping_status":"closed","template":"","meta":{"_uag_custom_page_level_css":"","footnotes":""},"yoast_head":"<!-- This site is optimized with the Yoast SEO plugin v22.6 - https:\/\/yoast.com\/wordpress\/plugins\/seo\/ -->\n<title>Contactez LaLibet - Votre premi\u00e8re destination pour l&#039;assistance aux paris en ligne<\/title>\n<meta name=\"description\" content=\"Pour toute question, assistance ou pour am\u00e9liorer votre exp\u00e9rience des paris en ligne, LaLibet vous invite \u00e0 consulter sa page Contacts. Notre \u00e9quipe d&#039;assistance d\u00e9vou\u00e9e s&#039;engage \u00e0 aider les parieurs chevronn\u00e9s et les nouveaux venus, en leur garantissant un voyage agr\u00e9able et sans encombre dans le monde des paris en ligne.\" \/>\n<meta name=\"robots\" content=\"index, follow, max-snippet:-1, max-image-preview:large, max-video-preview:-1\" \/>\n<link rel=\"canonical\" href=\"https:\/\/lalibet.net\/fr\/contacts\/\" \/>\n<meta property=\"og:locale\" content=\"fr_FR\" \/>\n<meta property=\"og:type\" content=\"article\" \/>\n<meta property=\"og:title\" content=\"Contactez LaLibet - Votre premi\u00e8re destination pour l&#039;assistance aux paris en ligne\" \/>\n<meta property=\"og:description\" content=\"Pour toute question, assistance ou pour am\u00e9liorer votre exp\u00e9rience des paris en ligne, LaLibet vous invite \u00e0 consulter sa page Contacts. Notre \u00e9quipe d&#039;assistance d\u00e9vou\u00e9e s&#039;engage \u00e0 aider les parieurs chevronn\u00e9s et les nouveaux venus, en leur garantissant un voyage agr\u00e9able et sans encombre dans le monde des paris en ligne.\" \/>\n<meta property=\"og:url\" content=\"https:\/\/lalibet.net\/fr\/contacts\/\" \/>\n<meta property=\"og:site_name\" content=\"lalibet.net\" \/>\n<meta name=\"twitter:card\" content=\"summary_large_image\" \/>\n<!-- \/ Yoast SEO plugin. -->","yoast_head_json":{"title":"Contactez LaLibet - Votre premi\u00e8re destination pour l'assistance aux paris en ligne","description":"Pour toute question, assistance ou pour am\u00e9liorer votre exp\u00e9rience des paris en ligne, LaLibet vous invite \u00e0 consulter sa page Contacts. Notre \u00e9quipe d'assistance d\u00e9vou\u00e9e s'engage \u00e0 aider les parieurs chevronn\u00e9s et les nouveaux venus, en leur garantissant un voyage agr\u00e9able et sans encombre dans le monde des paris en ligne.","robots":{"index":"index","follow":"follow","max-snippet":"max-snippet:-1","max-image-preview":"max-image-preview:large","max-video-preview":"max-video-preview:-1"},"canonical":"https:\/\/lalibet.net\/fr\/contacts\/","og_locale":"fr_FR","og_type":"article","og_title":"Contactez LaLibet - Votre premi\u00e8re destination pour l'assistance aux paris en ligne","og_description":"Pour toute question, assistance ou pour am\u00e9liorer votre exp\u00e9rience des paris en ligne, LaLibet vous invite \u00e0 consulter sa page Contacts. Notre \u00e9quipe d'assistance d\u00e9vou\u00e9e s'engage \u00e0 aider les parieurs chevronn\u00e9s et les nouveaux venus, en leur garantissant un voyage agr\u00e9able et sans encombre dans le monde des paris en ligne.","og_url":"https:\/\/lalibet.net\/fr\/contacts\/","og_site_name":"lalibet.net","twitter_card":"summary_large_image","schema":{"@context":"https:\/\/schema.org","@graph":[{"@type":"WebPage","@id":"https:\/\/lalibet.net\/fr\/contacts\/","url":"https:\/\/lalibet.net\/fr\/contacts\/","name":"Contactez LaLibet - Votre premi\u00e8re destination pour l'assistance aux paris en ligne","isPartOf":{"@id":"https:\/\/lalibet.net\/#website"},"datePublished":"2023-12-25T07:52:28+00:00","dateModified":"2023-12-25T07:52:28+00:00","description":"Pour toute question, assistance ou pour am\u00e9liorer votre exp\u00e9rience des paris en ligne, LaLibet vous invite \u00e0 consulter sa page Contacts. Notre \u00e9quipe d'assistance d\u00e9vou\u00e9e s'engage \u00e0 aider les parieurs chevronn\u00e9s et les nouveaux venus, en leur garantissant un voyage agr\u00e9able et sans encombre dans le monde des paris en ligne.","breadcrumb":{"@id":"https:\/\/lalibet.net\/fr\/contacts\/#breadcrumb"},"inLanguage":"fr-FR","potentialAction":[{"@type":"ReadAction","target":["https:\/\/lalibet.net\/fr\/contacts\/"]}]},{"@type":"BreadcrumbList","@id":"https:\/\/lalibet.net\/fr\/contacts\/#breadcrumb","itemListElement":[{"@type":"ListItem","position":1,"name":"Home","item":"https:\/\/lalibet.net\/fr\/"},{"@type":"ListItem","position":2,"name":"Contacts"}]},{"@type":"WebSite","@id":"https:\/\/lalibet.net\/#website","url":"https:\/\/lalibet.net\/","name":"lalibet.net","description":"","publisher":{"@id":"https:\/\/lalibet.net\/#organization"},"potentialAction":[{"@type":"SearchAction","target":{"@type":"EntryPoint","urlTemplate":"https:\/\/lalibet.net\/?s={search_term_string}"},"query-input":"required name=search_term_string"}],"inLanguage":"fr-FR"},{"@type":"Organization","@id":"https:\/\/lalibet.net\/#organization","name":"lalibet.net","url":"https:\/\/lalibet.net\/","logo":{"@type":"ImageObject","inLanguage":"fr-FR","@id":"https:\/\/lalibet.net\/#\/schema\/logo\/image\/","url":"https:\/\/lalibet.net\/wp-content\/uploads\/2023\/11\/lalibet_logo.png","contentUrl":"https:\/\/lalibet.net\/wp-content\/uploads\/2023\/11\/lalibet_logo.png","width":200,"height":65,"caption":"lalibet.net"},"image":{"@id":"https:\/\/lalibet.net\/#\/schema\/logo\/image\/"}}]}},"uagb_featured_image_src":{"full":false,"thumbnail":false,"medium":false,"medium_large":false,"large":false,"1536x1536":false,"2048x2048":false},"uagb_author_info":{"display_name":"sol_casino20","author_link":"https:\/\/lalibet.net\/fr\/author\/lalibet.net\/fr\/"},"uagb_comment_info":0,"uagb_excerpt":"Vous avez besoin d&#8217;aide ou vous avez des questions ? Contactez nous ! Nous sommes l\u00e0 pour vous fournir un soutien et une assistance d\u00e9di\u00e9e \u00e0 tout moment. Trouvez les coordonn\u00e9es de Lalibet ici. (ethbet@skiff.com). &nbsp;","_links":{"self":[{"href":"https:\/\/lalibet.net\/fr\/wp-json\/wp\/v2\/pages\/234"}],"collection":[{"href":"https:\/\/lalibet.net\/fr\/wp-json\/wp\/v2\/pages"}],"about":[{"href":"https:\/\/lalibet.net\/fr\/wp-json\/wp\/v2\/types\/page"}],"author":[{"embeddable":true,"href":"https:\/\/lalibet.net\/fr\/wp-json\/wp\/v2\/users\/1"}],"replies":[{"embeddable":true,"href":"https:\/\/lalibet.net\/fr\/wp-json\/wp\/v2\/comments?post=234"}],"version-history":[{"count":0,"href":"https:\/\/lalibet.net\/fr\/wp-json\/wp\/v2\/pages\/234\/revisions"}],"wp:attachment":[{"href":"https:\/\/lalibet.net\/fr\/wp-json\/wp\/v2\/media?parent=234"}],"curies":[{"name":"wp","href":"https:\/\/api.w.org\/{rel}","templated":true}]}}