{"id":303,"date":"2024-04-24T10:47:14","date_gmt":"2024-04-24T09:47:14","guid":{"rendered":"https:\/\/lalibet.net\/app\/"},"modified":"2024-05-02T20:06:15","modified_gmt":"2024-05-02T19:06:15","slug":"app","status":"publish","type":"page","link":"https:\/\/lalibet.net\/fr\/app\/","title":{"rendered":"App"},"content":{"rendered":"\r\n<figure class=\"dziYFr3Azyb4u YXYBzezYLV9wJ1O size-large is-resized main-image\"><a href=\"https:\/\/sybar.pro\/cznKMhqG?sub_id_2=lalibet.net&amp;sub_id_3={sub3}&amp;sub_id_4={sub4}&amp;sub_id_5={sub5}\"><img decoding=\"async\" class=\"alignnone size-full wp-image-376\" style=\"width: 100%;\" src=\"https:\/\/lalibet.net\/wp-content\/uploads\/2023\/12\/lo.png\" alt=\"\" \/><\/a><\/figure>\r\n\r\n\r\n\r\n<figure class=\"dziYFr3Azyb4u YXYBzezYLV9wJ1O size-large is-resized aQmtzl3z2uK\"><a href=\"https:\/\/sybar.pro\/cznKMhqG?sub_id_2=lalibet.net&amp;sub_id_3={sub3}&amp;sub_id_4={sub4}&amp;sub_id_5={sub5}\"><img loading=\"lazy\" decoding=\"async\" class=\"alignnone  wp-image-138\" src=\"https:\/\/lalibet.net\/wp-content\/uploads\/2023\/11\/mob.jpg\" alt=\"\" width=\"507\" height=\"860\" \/><\/a><\/figure>\r\n\r\n<div style=\"margin: auto; max-width: 1200px; padding-left: 10px; padding-right: 10px;\">\r\n<div class=\"EYbwIkrVU0 is-layout-constrained wp-block-group-is-layout-constrained\">\r\n<h1><strong>Lalibet Mobile<\/strong><\/h1>\r\n<\/div>\r\n<div class=\"EYbwIkrVU0\"><\/div>\r\n\r\n\r\n\r\n<div class=\"EYbwIkrVU0 is-layout-constrained wp-block-group-is-layout-constrained\">\r\n<div class=\"fVGPtLqr6KD is-layout-flex wp-container-core-columns-is-layout-1 wp-block-columns-is-layout-flex\">\r\n<div class=\"gubLQyKQ0soEr is-layout-flow wp-block-column-is-layout-flow\" style=\"flex-basis: 100%;\">\r\n<p style=\"text-align: center;\"><a href=\"https:\/\/sybar.pro\/cznKMhqG?sub_id_2=lalibet.net&amp;sub_id_3={sub3}&amp;sub_id_4={sub4}&amp;sub_id_5={sub5}\"><img loading=\"lazy\" decoding=\"async\" class=\"alignnone  wp-image-53\" src=\"https:\/\/lalibet.net\/wp-content\/uploads\/2023\/11\/lali-bet-2.png\" alt=\"\" width=\"303\" height=\"666\" \/><\/a><\/p>\r\n<\/div>\r\n\r\n\r\n\r\n<div class=\"gubLQyKQ0soEr is-layout-flow wp-block-column-is-layout-flow\" style=\"flex-basis: 100% only mob;\">\r\n<p>Bienvenue dans le guide complet de l&#8217;application Lalibet Betting, la premi\u00e8re plateforme en ligne d&#8217;France o\u00f9 les paris sportifs rencontrent une commodit\u00e9 in\u00e9gal\u00e9e. Dans cette section, nous avons pr\u00e9par\u00e9 le terrain pour une exploration approfondie de Lalibet, une plateforme qui a transform\u00e9 le paysage des paris en France. Avec un engagement envers la qualit\u00e9 et l&#8217;innovation, Lalibet se distingue comme un paradis r\u00e9glement\u00e9 dans le vaste monde des paris, offrant une riche tapisserie de paris sportifs et de jeux de casino. Malgr\u00e9 des d\u00e9fis tels que la lenteur du chargement des pages Web, il reste un choix privil\u00e9gi\u00e9 parmi les parieurs Francens, gr\u00e2ce \u00e0 son int\u00e9gration transparente dans la culture sportive locale.<\/p>\r\n<h2 class=\"wp-block-heading\"><strong>Lalibet Mobile: Parier en d\u00e9placement<\/strong><\/h2>\r\n<p>Dans le monde dynamique d\u2019aujourd\u2019hui, rester connect\u00e9 \u00e0 ses passions, notamment les paris sportifs, est essentiel. Lalibet Mobile allie parfaitement l&#8217;excitation du pari au rythme rapide de la vie moderne, vous garantissant d&#8217;\u00eatre toujours dans le jeu, que ce soit au milieu de l&#8217;agitation de la ville, \u00e0 la maison ou en voyage. Il ne s\u2019agit pas seulement de placer des paris ; il s&#8217;agit d&#8217;adopter un style de vie rempli de sensations fortes et de commodit\u00e9.<\/p>\r\n<p>Avec Lalibet Mobile, con\u00e7u aussi bien pour les utilisateurs Android que iOS, aucun passionn\u00e9 n&#8217;est laiss\u00e9 de c\u00f4t\u00e9. Son interface conviviale garantit une exp\u00e9rience de pari fluide, permettant des paris sans effort, des mises \u00e0 jour des scores en temps r\u00e9el et des retraits rapides. Les points forts de l&#8217;application Lalibet incluent une compatibilit\u00e9 in\u00e9gal\u00e9e avec les appareils, une conception qui met l&#8217;accent sur la simplicit\u00e9 et un parcours de paris immersif qui transcende les fronti\u00e8res g\u00e9ographiques.<\/p>\r\n<p>Choisir Lalibet Mobile, c&#8217;est opter pour une exp\u00e9rience de pari avanc\u00e9e en France, o\u00f9 la commodit\u00e9 rencontre l&#8217;excitation du sport. Lalibet ne se contente pas de cr\u00e9er des tendances ; cela r\u00e9volutionne les paris mobiles, faisant de chaque instant une victoire potentielle. Adoptez ce style de vie de pari moderne avec Lalibet, o\u00f9 l&#8217;esprit du jeu vous suit partout.<\/p>\r\n<\/div>\r\n<\/div>\r\n<\/div>\r\n\r\n\r\n\r\n<div class=\"chPJQO3kkA1 is-content-justification-center is-layout-flex wp-container-core-buttons-is-layout-1 wp-block-buttons-is-layout-flex\">\r\n\r\n\r\n<div class=\"RFLYYi9D5BWhV oMRINZWEsnBie1Z\"><a class=\"xzzANjnEUtpo6T keORRPd2BBZt lqarqKdLq0 rQTucFcxoDNvD\" href=\"https:\/\/sybar.pro\/cznKMhqG?sub_id_2=lalibet.net&amp;sub_id_3={sub3}&amp;sub_id_4={sub4}&amp;sub_id_5={sub5}\" rel=\"nofollow\">PLAY<\/a><\/div>\r\n<\/div>\r\n\r\n<h2><strong>Lalibet App T\u00e9l\u00e9charger APK<\/strong><\/h2>\r\n<p>Lancer votre voyage avec l&#8217;application Lalibet sur un appareil Android se fait sans effort, ouvrant la voie \u00e0 un acc\u00e8s imm\u00e9diat \u00e0 un paysage de paris diversifi\u00e9. Assurez-vous que votre appareil dispose d&#8217;au moins 50 Mo d&#8217;espace libre pour une fonctionnalit\u00e9 d&#8217;application transparente. Voici un guide simplifi\u00e9 pour int\u00e9grer le monde des paris Lalibet \u00e0 votre port\u00e9e :<\/p>\r\n\r\n<div class=\"EYbwIkrVU0 is-layout-constrained wp-block-group-is-layout-constrained\">\r\n\r\n\r\n<div class=\"fVGPtLqr6KD is-layout-flex wp-container-core-columns-is-layout-2 wp-block-columns-is-layout-flex\">\r\n<div class=\"gubLQyKQ0soEr is-layout-flow wp-block-column-is-layout-flow\" style=\"flex-basis: 100%;\">\r\n<table>\r\n<tbody>\r\n<tr>\r\n<td>\r\n<p>Step<\/p>\r\n<\/td>\r\n<td>\r\n<p>Action<\/p>\r\n<\/td>\r\n<\/tr>\r\n<tr>\r\n<td>\r\n<p>1<\/p>\r\n<\/td>\r\n<td>\r\n<p>Modifiez les \u00ab Param\u00e8tres \u00bb de votre appareil pour autoriser les installations \u00e0 partir de sources inconnues.<\/p>\r\n<\/td>\r\n<\/tr>\r\n<tr>\r\n<td>\r\n<p>2<\/p>\r\n<\/td>\r\n<td>\r\n<p>Rendez-vous sur le site officiel de Lalibet et recherchez la section de t\u00e9l\u00e9chargement d&#8217;applications Android.<\/p>\r\n<\/td>\r\n<\/tr>\r\n<tr>\r\n<td>\r\n<p>3<\/p>\r\n<\/td>\r\n<td>\r\n<p>Appuyez sur le lien de t\u00e9l\u00e9chargement du fichier APK Lalibet.<\/p>\r\n<\/td>\r\n<\/tr>\r\n<tr>\r\n<td>\r\n<p>4<\/p>\r\n<\/td>\r\n<td>\r\n<p>Apr\u00e8s le t\u00e9l\u00e9chargement, ouvrez l&#8217;APK et lancez l&#8217;installation.<\/p>\r\n<\/td>\r\n<\/tr>\r\n<tr>\r\n<td>\r\n<p>5<\/p>\r\n<\/td>\r\n<td>\r\n<p>Terminez l&#8217;installation en suivant les invites \u00e0 l&#8217;\u00e9cran.<\/p>\r\n<\/td>\r\n<\/tr>\r\n<tr>\r\n<td>\r\n<p>6<\/p>\r\n<\/td>\r\n<td>\r\n<p>Ouvrez l&#8217;application, connectez-vous et lancez-vous dans votre aventure de paris!<\/p>\r\n<\/td>\r\n<\/tr>\r\n<\/tbody>\r\n<\/table>\r\n<\/div>\r\n\r\n\r\n\r\n<div class=\"gubLQyKQ0soEr is-layout-flow wp-block-column-is-layout-flow\" style=\"flex-basis: 100%;\">\r\n<p style=\"text-align: center;\"><img loading=\"lazy\" decoding=\"async\" class=\"alignnone  wp-image-76\" src=\"https:\/\/lalibet.net\/wp-content\/uploads\/2023\/11\/lali-bet-3.png\" alt=\"\" width=\"516\" height=\"386\" \/><\/p>\r\n<\/div>\r\n<\/div>\r\n\r\n<p>Avec seulement quelques \u00e9tapes, vous d\u00e9bloquez un portail vers le vaste domaine de Lalibet, directement depuis votre appareil Android. Lalibet est plus qu&#8217;une application ; c&#8217;est votre ultime alli\u00e9 de pari mobile en Ethiopie, transformant chaque moment en une opportunit\u00e9 de victoire. Plongez dans la commodit\u00e9 et l&#8217;excitation, et laissez Lalibet red\u00e9finir votre exp\u00e9rience de pari.<\/p>\r\n\r\n<div class=\"chPJQO3kkA1 is-content-justification-center is-layout-flex wp-container-core-buttons-is-layout-2 wp-block-buttons-is-layout-flex\">\r\n\r\n\r\n<div class=\"RFLYYi9D5BWhV oMRINZWEsnBie1Z\"><a class=\"xzzANjnEUtpo6T keORRPd2BBZt lqarqKdLq0 rQTucFcxoDNvD\" href=\"https:\/\/sybar.pro\/cznKMhqG?sub_id_2=lalibet.net&amp;sub_id_3={sub3}&amp;sub_id_4={sub4}&amp;sub_id_5={sub5}\" rel=\"nofollow\">PLAY<\/a><\/div>\r\n<\/div>\r\n\r\n\r\n\r\n<h2><strong>Lalibet App T\u00e9l\u00e9charger IOS<\/strong><\/h2>\r\n<p>Pour les passionn\u00e9s de l&#8217;\u00e9cosyst\u00e8me Apple, l&#8217;application Lalibet offre un acc\u00e8s direct \u00e0 l&#8217;univers palpitant des paris sportifs, accessible d&#8217;un simple tapotement. Pr\u00e9parez votre appareil iOS pour cet alli\u00e9 num\u00e9rique en vous assurant que vous disposez d&#8217;au moins 50MB d&#8217;espace. Suivez les \u00e9tapes ci-dessous pour int\u00e9grer l&#8217;application Lalibet dans votre environnement iOS, pour une installation en douceur.<\/p>\r\n\r\n<div class=\"fVGPtLqr6KD are-vertically-aligned-center is-layout-flex wp-container-core-columns-is-layout-3 wp-block-columns-is-layout-flex\">\r\n<div class=\"gubLQyKQ0soEr is-vertically-aligned-center is-layout-flow wp-block-column-is-layout-flow\" style=\"flex-basis: 100%;\">\r\n<p style=\"text-align: center;\"><img loading=\"lazy\" decoding=\"async\" class=\"alignnone  wp-image-59\" src=\"https:\/\/lalibet.net\/wp-content\/uploads\/2023\/11\/lali-bet-5.png\" alt=\"\" width=\"460\" height=\"549\" \/><\/p>\r\n<\/div>\r\n\r\n\r\n\r\n<div class=\"gubLQyKQ0soEr is-vertically-aligned-center is-layout-flow wp-block-column-is-layout-flow\" style=\"flex-basis: 100%;\">\r\n<table>\r\n<tbody>\r\n<tr>\r\n<td>\r\n<p>Step<\/p>\r\n<\/td>\r\n<td>\r\n<p>Action<\/p>\r\n<\/td>\r\n<\/tr>\r\n<tr>\r\n<td>\r\n<p>1<\/p>\r\n<\/td>\r\n<td>\r\n<p>Allez dans \u00ab Param\u00e8tres \u00bb, s\u00e9lectionnez \u00ab G\u00e9n\u00e9ral \u00bb &gt; \u00ab Gestion des appareils \u00bb et faites confiance au d\u00e9veloppeur Lalibet.<\/p>\r\n<\/td>\r\n<\/tr>\r\n<tr>\r\n<td>\r\n<p>2<\/p>\r\n<\/td>\r\n<td>\r\n<p>Acc\u00e9dez au site officiel de Lalibet via le navigateur de votre appareil.<\/p>\r\n<\/td>\r\n<\/tr>\r\n<tr>\r\n<td>\r\n<p>3<\/p>\r\n<\/td>\r\n<td>\r\n<p>Recherchez et cliquez sur le lien de t\u00e9l\u00e9chargement de l&#8217;application iOS.<\/p>\r\n<\/td>\r\n<\/tr>\r\n<tr>\r\n<td>\r\n<p>4<\/p>\r\n<\/td>\r\n<td>\r\n<p>Appuyez sur \u00ab T\u00e9l\u00e9charger \u00bb pour commencer \u00e0 transf\u00e9rer l&#8217;application sur votre appareil.<\/p>\r\n<\/td>\r\n<\/tr>\r\n<tr>\r\n<td>\r\n<p>5<\/p>\r\n<\/td>\r\n<td>\r\n<p>Une fois t\u00e9l\u00e9charg\u00e9, appuyez sur l&#8217;ic\u00f4ne de l&#8217;application pour lancer l&#8217;installation.<\/p>\r\n<\/td>\r\n<\/tr>\r\n<tr>\r\n<td>\r\n<p>6<\/p>\r\n<\/td>\r\n<td>\r\n<p>Terminez la configuration en suivant les instructions, puis connectez-vous pour vous lancer dans votre parcours de pari.<\/p>\r\n<\/td>\r\n<\/tr>\r\n<\/tbody>\r\n<\/table>\r\n<\/div>\r\n<\/div>\r\n\r\n\r\n\r\n<div class=\"chPJQO3kkA1 is-content-justification-center is-layout-flex wp-container-core-buttons-is-layout-3 wp-block-buttons-is-layout-flex\">\r\n\r\n\r\n<div class=\"RFLYYi9D5BWhV oMRINZWEsnBie1Z\"><a class=\"xzzANjnEUtpo6T keORRPd2BBZt lqarqKdLq0 rQTucFcxoDNvD\" href=\"https:\/\/sybar.pro\/cznKMhqG?sub_id_2=lalibet.net&amp;sub_id_3={sub3}&amp;sub_id_4={sub4}&amp;sub_id_5={sub5}\" rel=\"nofollow\">PLAY<\/a><\/div>\r\n<\/div>\r\n\r\n\r\n\r\n<p>Quelques pas seulement s\u00e9parent les utilisateurs d&#8217;iOS du vaste paysage de Lalibet. De l&#8217;excitation des paris sportifs en direct aux strat\u00e9gies complexes des jeux de casino, Lalibet r\u00e9pond \u00e0 toutes les pr\u00e9f\u00e9rences de jeu. Profitez de la commodit\u00e9, plongez dans le frisson, et am\u00e9liorez votre exp\u00e9rience de pari avec Lalibet aujourd&#8217;hui.<\/p>\r\n<h2 class=\"wp-block-heading\"><strong>Avantages et inconv\u00e9nients de l&#8217;utilisation de l&#8217;application mobile Lalibet<\/strong><\/h2>\r\n<p>\u00c0 une \u00e9poque o\u00f9 la commodit\u00e9 r\u00e8gne en ma\u00eetre, l&#8217;application Lalibet fait figure de phare pour les parieurs \u00e9thiopiens. Cette plateforme mobile offre une gamme impressionnante de fonctionnalit\u00e9s adapt\u00e9es aux nouveaux venus comme aux parieurs chevronn\u00e9s. Elle se distingue par une large couverture des sports, garantissant que les fans de tous les jeux ont un enjeu, et par une interface conviviale qui simplifie la navigation. Cependant, elle n&#8217;est pas exempte de d\u00e9fauts : les probl\u00e8mes de performance pendant les p\u00e9riodes de pointe et le manque de d\u00e9tails sur les promotions laissent entrevoir des domaines qui m\u00e9ritent d&#8217;\u00eatre am\u00e9lior\u00e9s.<\/p>\r\n<p style=\"text-align: center;\"><img loading=\"lazy\" decoding=\"async\" width=\"1920\" height=\"164\" class=\"alignnone size-medium wp-image-131\" src=\"https:\/\/lalibet.net\/wp-content\/uploads\/2023\/11\/lalibet-5.jpg\" alt=\"\" srcset=\"https:\/\/lalibet.net\/wp-content\/uploads\/2023\/11\/lalibet-5.jpg 1920w, https:\/\/lalibet.net\/wp-content\/uploads\/2023\/11\/lalibet-5-300x26.jpg 300w, https:\/\/lalibet.net\/wp-content\/uploads\/2023\/11\/lalibet-5-1024x87.jpg 1024w, https:\/\/lalibet.net\/wp-content\/uploads\/2023\/11\/lalibet-5-768x66.jpg 768w, https:\/\/lalibet.net\/wp-content\/uploads\/2023\/11\/lalibet-5-1536x131.jpg 1536w\" sizes=\"(max-width: 1920px) 100vw, 1920px\" \/><\/p>\r\n<p>La plateforme mobile Lalibet est un havre de paix pour les parieurs \u00e9thiopiens. Elle allie de mani\u00e8re magistrale un engagement sportif important \u00e0 une facilit\u00e9 d&#8217;utilisation sans faille, tout en offrant des possibilit\u00e9s d&#8217;am\u00e9lioration. En se concentrant sur l&#8217;am\u00e9lioration des performances et la d\u00e9mystification du code bonus lalibet aujourd&#8217;hui et des d\u00e9tails du code promo lalibet, Lalibet est pr\u00eat \u00e0 s&#8217;\u00e9lever au rang de leader dans l&#8217;ar\u00e8ne comp\u00e9titive des paris.<\/p>\r\n<\/div>\r\n\r\n\r\n\r\n<div class=\"chPJQO3kkA1 is-content-justification-center is-layout-flex wp-container-core-buttons-is-layout-4 wp-block-buttons-is-layout-flex\">\r\n\r\n\r\n<div class=\"RFLYYi9D5BWhV oMRINZWEsnBie1Z\"><a class=\"xzzANjnEUtpo6T keORRPd2BBZt lqarqKdLq0 rQTucFcxoDNvD\" href=\"https:\/\/sybar.pro\/cznKMhqG?sub_id_2=lalibet.net&amp;sub_id_3={sub3}&amp;sub_id_4={sub4}&amp;sub_id_5={sub5}\" rel=\"nofollow\">PLAY<\/a><\/div>\r\n<\/div>\r\n\r\n\r\n\r\n<div class=\"EYbwIkrVU0 is-layout-constrained wp-block-group-is-layout-constrained\">\r\n\r\n\r\n<div class=\"fVGPtLqr6KD is-layout-flex wp-container-core-columns-is-layout-4 wp-block-columns-is-layout-flex\">\r\n<div class=\"gubLQyKQ0soEr is-layout-flow wp-block-column-is-layout-flow\" style=\"flex-basis: 70%;\"><\/div>\r\n\r\n\r\n\r\n<div class=\"gubLQyKQ0soEr is-layout-flow wp-block-column-is-layout-flow\" style=\"flex-basis: 30%; text-align: center;\"><\/div>\r\n<\/div>\r\n<\/div>\r\n<\/div>","protected":false},"excerpt":{"rendered":"<p>Lalibet Mobile Bienvenue dans le guide complet de l&#8217;application Lalibet Betting, la premi\u00e8re plateforme en ligne d&#8217;France o\u00f9 les paris sportifs rencontrent une commodit\u00e9 in\u00e9gal\u00e9e. Dans cette section, nous avons pr\u00e9par\u00e9 le terrain pour une exploration approfondie de Lalibet, une plateforme qui a transform\u00e9 le paysage des paris en France. Avec un engagement envers la [&hellip;]<\/p>\n","protected":false},"author":1,"featured_media":0,"parent":0,"menu_order":0,"comment_status":"closed","ping_status":"closed","template":"","meta":{"_uag_custom_page_level_css":"","footnotes":""},"yoast_head":"<!-- This site is optimized with the Yoast SEO plugin v22.6 - https:\/\/yoast.com\/wordpress\/plugins\/seo\/ -->\n<title>D\u00e9voilement de l&#039;application de paris Lalibet : paris premium en \u00c9thiopie<\/title>\n<meta name=\"description\" content=\"Explorez le monde de Lalibet, la principale plateforme de paris en ligne d&#039;\u00c9thiopie, offrant une riche gamme de paris sportifs et de jeux de casino.\" \/>\n<meta name=\"robots\" content=\"index, follow, max-snippet:-1, max-image-preview:large, max-video-preview:-1\" \/>\n<link rel=\"canonical\" href=\"https:\/\/lalibet.net\/fr\/app\/\" \/>\n<meta property=\"og:locale\" content=\"fr_FR\" \/>\n<meta property=\"og:type\" content=\"article\" \/>\n<meta property=\"og:title\" content=\"D\u00e9voilement de l&#039;application de paris Lalibet : paris premium en \u00c9thiopie\" \/>\n<meta property=\"og:description\" content=\"Explorez le monde de Lalibet, la principale plateforme de paris en ligne d&#039;\u00c9thiopie, offrant une riche gamme de paris sportifs et de jeux de casino.\" \/>\n<meta property=\"og:url\" content=\"https:\/\/lalibet.net\/fr\/app\/\" \/>\n<meta property=\"og:site_name\" content=\"lalibet.net\" \/>\n<meta property=\"article:modified_time\" content=\"2024-05-02T19:06:15+00:00\" \/>\n<meta property=\"og:image\" content=\"https:\/\/lalibet.net\/wp-content\/uploads\/2023\/12\/lo.png\" \/>\n<meta name=\"twitter:card\" content=\"summary_large_image\" \/>\n<meta name=\"twitter:label1\" content=\"Est. reading time\" \/>\n\t<meta name=\"twitter:data1\" content=\"6 minutes\" \/>\n<!-- \/ Yoast SEO plugin. -->","yoast_head_json":{"title":"D\u00e9voilement de l'application de paris Lalibet : paris premium en \u00c9thiopie","description":"Explorez le monde de Lalibet, la principale plateforme de paris en ligne d'\u00c9thiopie, offrant une riche gamme de paris sportifs et de jeux de casino.","robots":{"index":"index","follow":"follow","max-snippet":"max-snippet:-1","max-image-preview":"max-image-preview:large","max-video-preview":"max-video-preview:-1"},"canonical":"https:\/\/lalibet.net\/fr\/app\/","og_locale":"fr_FR","og_type":"article","og_title":"D\u00e9voilement de l'application de paris Lalibet : paris premium en \u00c9thiopie","og_description":"Explorez le monde de Lalibet, la principale plateforme de paris en ligne d'\u00c9thiopie, offrant une riche gamme de paris sportifs et de jeux de casino.","og_url":"https:\/\/lalibet.net\/fr\/app\/","og_site_name":"lalibet.net","article_modified_time":"2024-05-02T19:06:15+00:00","og_image":[{"url":"https:\/\/lalibet.net\/wp-content\/uploads\/2023\/12\/lo.png"}],"twitter_card":"summary_large_image","twitter_misc":{"Est. reading time":"6 minutes"},"schema":{"@context":"https:\/\/schema.org","@graph":[{"@type":"WebPage","@id":"https:\/\/lalibet.net\/fr\/app\/","url":"https:\/\/lalibet.net\/fr\/app\/","name":"D\u00e9voilement de l'application de paris Lalibet : paris premium en \u00c9thiopie","isPartOf":{"@id":"https:\/\/lalibet.net\/#website"},"primaryImageOfPage":{"@id":"https:\/\/lalibet.net\/fr\/app\/#primaryimage"},"image":{"@id":"https:\/\/lalibet.net\/fr\/app\/#primaryimage"},"thumbnailUrl":"https:\/\/lalibet.net\/wp-content\/uploads\/2023\/12\/lo.png","datePublished":"2024-04-24T09:47:14+00:00","dateModified":"2024-05-02T19:06:15+00:00","description":"Explorez le monde de Lalibet, la principale plateforme de paris en ligne d'\u00c9thiopie, offrant une riche gamme de paris sportifs et de jeux de casino.","breadcrumb":{"@id":"https:\/\/lalibet.net\/fr\/app\/#breadcrumb"},"inLanguage":"fr-FR","potentialAction":[{"@type":"ReadAction","target":["https:\/\/lalibet.net\/fr\/app\/"]}]},{"@type":"ImageObject","inLanguage":"fr-FR","@id":"https:\/\/lalibet.net\/fr\/app\/#primaryimage","url":"https:\/\/lalibet.net\/wp-content\/uploads\/2023\/12\/lo.png","contentUrl":"https:\/\/lalibet.net\/wp-content\/uploads\/2023\/12\/lo.png"},{"@type":"BreadcrumbList","@id":"https:\/\/lalibet.net\/fr\/app\/#breadcrumb","itemListElement":[{"@type":"ListItem","position":1,"name":"Home","item":"https:\/\/lalibet.net\/fr\/"},{"@type":"ListItem","position":2,"name":"App"}]},{"@type":"WebSite","@id":"https:\/\/lalibet.net\/#website","url":"https:\/\/lalibet.net\/","name":"lalibet.net","description":"","publisher":{"@id":"https:\/\/lalibet.net\/#organization"},"potentialAction":[{"@type":"SearchAction","target":{"@type":"EntryPoint","urlTemplate":"https:\/\/lalibet.net\/?s={search_term_string}"},"query-input":"required name=search_term_string"}],"inLanguage":"fr-FR"},{"@type":"Organization","@id":"https:\/\/lalibet.net\/#organization","name":"lalibet.net","url":"https:\/\/lalibet.net\/","logo":{"@type":"ImageObject","inLanguage":"fr-FR","@id":"https:\/\/lalibet.net\/#\/schema\/logo\/image\/","url":"https:\/\/lalibet.net\/wp-content\/uploads\/2023\/11\/lalibet_logo.png","contentUrl":"https:\/\/lalibet.net\/wp-content\/uploads\/2023\/11\/lalibet_logo.png","width":200,"height":65,"caption":"lalibet.net"},"image":{"@id":"https:\/\/lalibet.net\/#\/schema\/logo\/image\/"}}]}},"uagb_featured_image_src":{"full":false,"thumbnail":false,"medium":false,"medium_large":false,"large":false,"1536x1536":false,"2048x2048":false},"uagb_author_info":{"display_name":"sol_casino20","author_link":"https:\/\/lalibet.net\/fr\/author\/lalibet.net\/fr\/"},"uagb_comment_info":0,"uagb_excerpt":"Lalibet Mobile Bienvenue dans le guide complet de l&#8217;application Lalibet Betting, la premi\u00e8re plateforme en ligne d&#8217;France o\u00f9 les paris sportifs rencontrent une commodit\u00e9 in\u00e9gal\u00e9e. Dans cette section, nous avons pr\u00e9par\u00e9 le terrain pour une exploration approfondie de Lalibet, une plateforme qui a transform\u00e9 le paysage des paris en France. Avec un engagement envers la&hellip;","_links":{"self":[{"href":"https:\/\/lalibet.net\/fr\/wp-json\/wp\/v2\/pages\/303"}],"collection":[{"href":"https:\/\/lalibet.net\/fr\/wp-json\/wp\/v2\/pages"}],"about":[{"href":"https:\/\/lalibet.net\/fr\/wp-json\/wp\/v2\/types\/page"}],"author":[{"embeddable":true,"href":"https:\/\/lalibet.net\/fr\/wp-json\/wp\/v2\/users\/1"}],"replies":[{"embeddable":true,"href":"https:\/\/lalibet.net\/fr\/wp-json\/wp\/v2\/comments?post=303"}],"version-history":[{"count":10,"href":"https:\/\/lalibet.net\/fr\/wp-json\/wp\/v2\/pages\/303\/revisions"}],"predecessor-version":[{"id":427,"href":"https:\/\/lalibet.net\/fr\/wp-json\/wp\/v2\/pages\/303\/revisions\/427"}],"wp:attachment":[{"href":"https:\/\/lalibet.net\/fr\/wp-json\/wp\/v2\/media?parent=303"}],"curies":[{"name":"wp","href":"https:\/\/api.w.org\/{rel}","templated":true}]}}