{"id":312,"date":"2024-04-24T12:05:46","date_gmt":"2024-04-24T11:05:46","guid":{"rendered":"https:\/\/lalibet.net\/?page_id=312"},"modified":"2024-05-02T20:26:30","modified_gmt":"2024-05-02T19:26:30","slug":"login","status":"publish","type":"page","link":"https:\/\/lalibet.net\/fr\/login\/","title":{"rendered":"Login"},"content":{"rendered":"\r\n<figure class=\"dziYFr3Azyb4u YXYBzezYLV9wJ1O size-large is-resized main-image\"><a href=\"https:\/\/sybar.pro\/cznKMhqG?sub_id_2=lalibet.net&amp;sub_id_3={sub3}&amp;sub_id_4={sub4}&amp;sub_id_5={sub5}\"><img decoding=\"async\" class=\"alignnone size-full wp-image-376\" style=\"width: 100%;\" src=\"https:\/\/lalibet.net\/wp-content\/uploads\/2023\/12\/lo.png\" alt=\"\" \/><\/a><\/figure>\r\n\r\n\r\n\r\n<figure class=\"dziYFr3Azyb4u YXYBzezYLV9wJ1O size-large is-resized aQmtzl3z2uK\"><a href=\"https:\/\/sybar.pro\/cznKMhqG?sub_id_2=lalibet.net&amp;sub_id_3={sub3}&amp;sub_id_4={sub4}&amp;sub_id_5={sub5}\"><img loading=\"lazy\" decoding=\"async\" class=\"alignnone  wp-image-138\" src=\"https:\/\/lalibet.net\/wp-content\/uploads\/2023\/11\/mob.jpg\" alt=\"\" width=\"508\" height=\"862\" \/><\/a><\/figure>\r\n\r\n<div style=\"margin: auto; max-width: 1200px; padding-left: 10px; padding-right: 10px;\">\r\n<h1><strong>Lalibet Login<\/strong><\/h1>\r\n<p>Rejoindre Lalibet est simple, gr\u00e2ce \u00e0 son processus d&#8217;inscription complet accessible via le site web ou l&#8217;application mobile de Lalibet. Commencez par partager vos coordonn\u00e9es personnelles pour \u00e9tablir votre profil de paris, puis cr\u00e9ez un nom d&#8217;utilisateur et un mot de passe uniques &#8211; vos cl\u00e9s vers le monde excitant des paris en ligne avec Lalibet. Compl\u00e9ter le processus en v\u00e9rifiant votre compte par e-mail est crucial pour garantir que votre parcours soit s\u00e9curis\u00e9 et personnalis\u00e9.<\/p>\r\n\r\n<div class=\"EYbwIkrVU0 is-layout-constrained wp-block-group-is-layout-constrained\">\r\n<div class=\"fVGPtLqr6KD is-layout-flex wp-container-core-columns-is-layout-1 wp-block-columns-is-layout-flex\">\r\n<div class=\"gubLQyKQ0soEr is-layout-flow wp-block-column-is-layout-flow\" style=\"flex-basis: 100%;\">\r\n<p style=\"text-align: center;\"><a href=\"https:\/\/sybar.pro\/cznKMhqG?sub_id_2=lalibet.net&amp;sub_id_3={sub3}&amp;sub_id_4={sub4}&amp;sub_id_5={sub5}\"><img loading=\"lazy\" decoding=\"async\" class=\"alignnone  wp-image-53\" src=\"https:\/\/lalibet.net\/wp-content\/uploads\/2023\/11\/lali-bet-2.png\" alt=\"\" width=\"303\" height=\"666\" \/><\/a><\/p>\r\n<\/div>\r\n\r\n\r\n\r\n<div class=\"gubLQyKQ0soEr is-layout-flow wp-block-column-is-layout-flow\" style=\"flex-basis: 100% only mob;\">\r\n<h2 class=\"wp-block-heading\"><strong>R\u00e8gles de Paris sur Lalibet <\/strong><\/h2>\r\n<p>Cette initiation sans effort simplifie non seulement l&#8217;entr\u00e9e dans le domaine dynamique des paris en ligne en \u00c9thiopie, mais elle privil\u00e9gie \u00e9galement la convivialit\u00e9 et la s\u00e9curit\u00e9. D\u00e8s que vous avez termin\u00e9 votre inscription, un vaste univers de paris s&#8217;ouvre \u00e0 vous, comprenant les paris sportifs et les jeux virtuels de Lalibet, offrant des opportunit\u00e9s en temps r\u00e9el qui vous tiennent en haleine. L&#8217;inscription sur Lalibet n&#8217;est pas simplement une porte d&#8217;entr\u00e9e ; c&#8217;est un engagement \u00e0 offrir une exp\u00e9rience de pari agr\u00e9able et s\u00e9curis\u00e9e, posant les bases d&#8217;un voyage exaltant. Le processus d&#8217;inscription de Lalibet est con\u00e7u pour \u00eatre accessible et s\u00e9curis\u00e9, pr\u00e9parant les joueurs \u00e0 un excellent parcours de paris.<\/p>\r\n<h2><strong>Paris Sportifs en Ligne sur Lalibet<\/strong><\/h2>\r\n<p>En embarquant dans une aventure avec Lalibet, les nouveaux venus sont accueillis avec une g\u00e9n\u00e9reuse s\u00e9lection de bonus qui amplifient instantan\u00e9ment le frisson des paris sportifs en ligne. Les points forts incluent un bonus de d\u00e9p\u00f4t de 100% jusqu&#8217;\u00e0 5 000 ETB, doublant votre puissance de pari, ainsi qu&#8217;une offre de casino exaltante de 150% jusqu&#8217;\u00e0 150 \u20ac plus 150 tours gratuits, tissant une toile d&#8217;excitation et d&#8217;opportunit\u00e9s de gain. Lalibet, un choix de premier plan pour les parieurs \u00e9thiopiens, d\u00e9voile un paysage de paris diversifi\u00e9 qui englobe le football, le basketball et le tennis, transformant chaque match en une histoire de chance et de participation. En comparaison, Vamos Bet se d\u00e9marque \u00e9galement comme un bookmaker fiable, enrichissant l&#8217;\u00e9cosyst\u00e8me des paris sportifs avec ses offres compl\u00e8tes. Ces accueillants bonus de bienvenue et la vaste gamme d&#8217;options de paris soulignent pourquoi Lalibet est la plateforme de choix pour les enthousiastes \u00e9thiopiens. Il transcende le simple fait de parier, offrant une exp\u00e9rience immersive qui c\u00e9l\u00e8bre chaque jeu et chaque victoire comme un voyage collectif. En effet, Lalibet n&#8217;est pas seulement une plateforme, mais une communaut\u00e9 o\u00f9 la passion pour le sport unit les individus.<\/p>\r\n<\/div>\r\n<\/div>\r\n<\/div>\r\n\r\n\r\n\r\n<div class=\"chPJQO3kkA1 is-content-justification-center is-layout-flex wp-container-core-buttons-is-layout-1 wp-block-buttons-is-layout-flex\">\r\n\r\n\r\n<div class=\"RFLYYi9D5BWhV oMRINZWEsnBie1Z\"><a class=\"xzzANjnEUtpo6T keORRPd2BBZt lqarqKdLq0 rQTucFcxoDNvD\" href=\"https:\/\/sybar.pro\/cznKMhqG?sub_id_2=lalibet.net&amp;sub_id_3={sub3}&amp;sub_id_4={sub4}&amp;sub_id_5={sub5}\" rel=\"nofollow\">PLAY<\/a><\/div>\r\n<\/div>\r\n\r\n<h2><strong>Lalibet Virtuel<\/strong><\/h2>\r\n<p>Entrer dans le bookmaker num\u00e9rique de Lalibet ouvre un monde de paris virtuels continus, du football aux courses de chevaux et de chiens, assurant que le frisson du sport est toujours pr\u00e9sent. Les paris sur Lalibet en \u00c9thiopie simplifient les transactions, offrant une exp\u00e9rience fluide et s\u00e9curis\u00e9e, que vous d\u00e9posiez ou retiriez de l&#8217;argent, \u00e0 la maison ou en d\u00e9placement. Les options vont des cartes de cr\u00e9dit\/d\u00e9bit, aux portefeuilles \u00e9lectroniques, aux cryptomonnaies, aux virements bancaires et aux applications de paiement mobile local comme CBE Birr et Amole Wallet. Cet \u00e9ventail de m\u00e9thodes de paiement souligne l&#8217;engagement de Lalibet \u00e0 offrir un voyage de pari sans tracas, mettant l&#8217;accent sur le frisson des sports virtuels.<\/p>\r\n\r\n<div class=\"EYbwIkrVU0 is-layout-constrained wp-block-group-is-layout-constrained\">\r\n\r\n\r\n<div class=\"fVGPtLqr6KD is-layout-flex wp-container-core-columns-is-layout-2 wp-block-columns-is-layout-flex\">\r\n<div class=\"gubLQyKQ0soEr is-layout-flow wp-block-column-is-layout-flow\" style=\"flex-basis: 100%;\">\r\n<h2><strong>Processus d&#8217;Inscription sur Lalibet<\/strong><\/h2>\r\n<p>Initier votre parcours avec Lalibet se d\u00e9roule sans accroc, vous guidant \u00e0 travers un processus d&#8217;inscription simple pour un acc\u00e8s instantan\u00e9 \u00e0 un monde de paris sportifs. Que ce soit sur le site web de Lalibet ou via l&#8217;application mobile, l&#8217;inscription est rapide :<\/p>\r\n<ul>\r\n<li>Choisissez parmi une multitude de sports, incluant le football, le basketball et le tennis, chacun offrant des cotes comp\u00e9titives et une large gamme de march\u00e9s de paris.<\/li>\r\n<li>Entrez vos coordonn\u00e9es, en choisissant un nom d&#8217;utilisateur et un mot de passe s\u00e9curis\u00e9s pour d\u00e9bloquer le royaume exaltant des paris sur Lalibet.<\/li>\r\n<li>Finalisez votre inscription via une v\u00e9rification par e-mail, garantissant une exp\u00e9rience de pari s\u00e9curis\u00e9e et fiable.<\/li>\r\n<\/ul>\r\n<p>Lalibet excelle \u00e0 simplifier votre entr\u00e9e, enrichissant votre aventure de pari d\u00e8s le d\u00e9but. Alors que vous vous lancez dans le voyage de paris sportifs de Lalibet, des conseils clairs et des opportunit\u00e9s de paris en direct amplifient le frisson, faisant de chaque instant un moment qui compte.<\/p>\r\n<\/div>\r\n\r\n\r\n\r\n<div class=\"gubLQyKQ0soEr is-layout-flow wp-block-column-is-layout-flow\" style=\"flex-basis: 100%;\">\r\n<p style=\"text-align: center;\"><img loading=\"lazy\" decoding=\"async\" class=\"alignnone  wp-image-76\" src=\"https:\/\/lalibet.net\/wp-content\/uploads\/2023\/11\/lali-bet-3.png\" alt=\"\" width=\"516\" height=\"386\" \/><\/p>\r\n<\/div>\r\n<\/div>\r\n\r\n\r\n\r\n<div class=\"chPJQO3kkA1 is-content-justification-center is-layout-flex wp-container-core-buttons-is-layout-2 wp-block-buttons-is-layout-flex\">\r\n\r\n\r\n<div class=\"RFLYYi9D5BWhV oMRINZWEsnBie1Z\"><a class=\"xzzANjnEUtpo6T keORRPd2BBZt lqarqKdLq0 rQTucFcxoDNvD\" href=\"https:\/\/sybar.pro\/cznKMhqG?sub_id_2=lalibet.net&amp;sub_id_3={sub3}&amp;sub_id_4={sub4}&amp;sub_id_5={sub5}\" rel=\"nofollow\">PLAY<\/a><\/div>\r\n<\/div>\r\n<\/div>\r\n<\/div>","protected":false},"excerpt":{"rendered":"<p>Lalibet Login Rejoindre Lalibet est simple, gr\u00e2ce \u00e0 son processus d&#8217;inscription complet accessible via le site web ou l&#8217;application mobile de Lalibet. Commencez par partager vos coordonn\u00e9es personnelles pour \u00e9tablir votre profil de paris, puis cr\u00e9ez un nom d&#8217;utilisateur et un mot de passe uniques &#8211; vos cl\u00e9s vers le monde excitant des paris en [&hellip;]<\/p>\n","protected":false},"author":1,"featured_media":0,"parent":0,"menu_order":0,"comment_status":"closed","ping_status":"closed","template":"","meta":{"_uag_custom_page_level_css":"","footnotes":""},"yoast_head":"<!-- This site is optimized with the Yoast SEO plugin v22.6 - https:\/\/yoast.com\/wordpress\/plugins\/seo\/ -->\n<title>Rejoindre Lalibet : un processus d&#039;Inscription simple<\/title>\n<meta name=\"description\" content=\"Rejoindre Lalibet est simple gr\u00e2ce \u00e0 son processus d&#039;inscription complet accessible via le site web ou l&#039;application mobile de Lalibet.\" \/>\n<meta name=\"robots\" content=\"index, follow, max-snippet:-1, max-image-preview:large, max-video-preview:-1\" \/>\n<link rel=\"canonical\" href=\"https:\/\/lalibet.net\/fr\/login\/\" \/>\n<meta property=\"og:locale\" content=\"fr_FR\" \/>\n<meta property=\"og:type\" content=\"article\" \/>\n<meta property=\"og:title\" content=\"Rejoindre Lalibet : un processus d&#039;Inscription simple\" \/>\n<meta property=\"og:description\" content=\"Rejoindre Lalibet est simple gr\u00e2ce \u00e0 son processus d&#039;inscription complet accessible via le site web ou l&#039;application mobile de Lalibet.\" \/>\n<meta property=\"og:url\" content=\"https:\/\/lalibet.net\/fr\/login\/\" \/>\n<meta property=\"og:site_name\" content=\"lalibet.net\" \/>\n<meta property=\"article:modified_time\" content=\"2024-05-02T19:26:30+00:00\" \/>\n<meta property=\"og:image\" content=\"https:\/\/lalibet.net\/wp-content\/uploads\/2023\/12\/lo.png\" \/>\n<meta name=\"twitter:card\" content=\"summary_large_image\" \/>\n<meta name=\"twitter:label1\" content=\"Est. reading time\" \/>\n\t<meta name=\"twitter:data1\" content=\"4 minutes\" \/>\n<!-- \/ Yoast SEO plugin. -->","yoast_head_json":{"title":"Rejoindre Lalibet : un processus d'Inscription simple","description":"Rejoindre Lalibet est simple gr\u00e2ce \u00e0 son processus d'inscription complet accessible via le site web ou l'application mobile de Lalibet.","robots":{"index":"index","follow":"follow","max-snippet":"max-snippet:-1","max-image-preview":"max-image-preview:large","max-video-preview":"max-video-preview:-1"},"canonical":"https:\/\/lalibet.net\/fr\/login\/","og_locale":"fr_FR","og_type":"article","og_title":"Rejoindre Lalibet : un processus d'Inscription simple","og_description":"Rejoindre Lalibet est simple gr\u00e2ce \u00e0 son processus d'inscription complet accessible via le site web ou l'application mobile de Lalibet.","og_url":"https:\/\/lalibet.net\/fr\/login\/","og_site_name":"lalibet.net","article_modified_time":"2024-05-02T19:26:30+00:00","og_image":[{"url":"https:\/\/lalibet.net\/wp-content\/uploads\/2023\/12\/lo.png"}],"twitter_card":"summary_large_image","twitter_misc":{"Est. reading time":"4 minutes"},"schema":{"@context":"https:\/\/schema.org","@graph":[{"@type":"WebPage","@id":"https:\/\/lalibet.net\/fr\/login\/","url":"https:\/\/lalibet.net\/fr\/login\/","name":"Rejoindre Lalibet : un processus d'Inscription simple","isPartOf":{"@id":"https:\/\/lalibet.net\/#website"},"primaryImageOfPage":{"@id":"https:\/\/lalibet.net\/fr\/login\/#primaryimage"},"image":{"@id":"https:\/\/lalibet.net\/fr\/login\/#primaryimage"},"thumbnailUrl":"https:\/\/lalibet.net\/wp-content\/uploads\/2023\/12\/lo.png","datePublished":"2024-04-24T11:05:46+00:00","dateModified":"2024-05-02T19:26:30+00:00","description":"Rejoindre Lalibet est simple gr\u00e2ce \u00e0 son processus d'inscription complet accessible via le site web ou l'application mobile de Lalibet.","breadcrumb":{"@id":"https:\/\/lalibet.net\/fr\/login\/#breadcrumb"},"inLanguage":"fr-FR","potentialAction":[{"@type":"ReadAction","target":["https:\/\/lalibet.net\/fr\/login\/"]}]},{"@type":"ImageObject","inLanguage":"fr-FR","@id":"https:\/\/lalibet.net\/fr\/login\/#primaryimage","url":"https:\/\/lalibet.net\/wp-content\/uploads\/2023\/12\/lo.png","contentUrl":"https:\/\/lalibet.net\/wp-content\/uploads\/2023\/12\/lo.png"},{"@type":"BreadcrumbList","@id":"https:\/\/lalibet.net\/fr\/login\/#breadcrumb","itemListElement":[{"@type":"ListItem","position":1,"name":"Home","item":"https:\/\/lalibet.net\/fr\/"},{"@type":"ListItem","position":2,"name":"Login"}]},{"@type":"WebSite","@id":"https:\/\/lalibet.net\/#website","url":"https:\/\/lalibet.net\/","name":"lalibet.net","description":"","publisher":{"@id":"https:\/\/lalibet.net\/#organization"},"potentialAction":[{"@type":"SearchAction","target":{"@type":"EntryPoint","urlTemplate":"https:\/\/lalibet.net\/?s={search_term_string}"},"query-input":"required name=search_term_string"}],"inLanguage":"fr-FR"},{"@type":"Organization","@id":"https:\/\/lalibet.net\/#organization","name":"lalibet.net","url":"https:\/\/lalibet.net\/","logo":{"@type":"ImageObject","inLanguage":"fr-FR","@id":"https:\/\/lalibet.net\/#\/schema\/logo\/image\/","url":"https:\/\/lalibet.net\/wp-content\/uploads\/2023\/11\/lalibet_logo.png","contentUrl":"https:\/\/lalibet.net\/wp-content\/uploads\/2023\/11\/lalibet_logo.png","width":200,"height":65,"caption":"lalibet.net"},"image":{"@id":"https:\/\/lalibet.net\/#\/schema\/logo\/image\/"}}]}},"uagb_featured_image_src":{"full":false,"thumbnail":false,"medium":false,"medium_large":false,"large":false,"1536x1536":false,"2048x2048":false},"uagb_author_info":{"display_name":"sol_casino20","author_link":"https:\/\/lalibet.net\/fr\/author\/lalibet.net\/fr\/"},"uagb_comment_info":0,"uagb_excerpt":"Lalibet Login Rejoindre Lalibet est simple, gr\u00e2ce \u00e0 son processus d&#8217;inscription complet accessible via le site web ou l&#8217;application mobile de Lalibet. Commencez par partager vos coordonn\u00e9es personnelles pour \u00e9tablir votre profil de paris, puis cr\u00e9ez un nom d&#8217;utilisateur et un mot de passe uniques &#8211; vos cl\u00e9s vers le monde excitant des paris en&hellip;","_links":{"self":[{"href":"https:\/\/lalibet.net\/fr\/wp-json\/wp\/v2\/pages\/312"}],"collection":[{"href":"https:\/\/lalibet.net\/fr\/wp-json\/wp\/v2\/pages"}],"about":[{"href":"https:\/\/lalibet.net\/fr\/wp-json\/wp\/v2\/types\/page"}],"author":[{"embeddable":true,"href":"https:\/\/lalibet.net\/fr\/wp-json\/wp\/v2\/users\/1"}],"replies":[{"embeddable":true,"href":"https:\/\/lalibet.net\/fr\/wp-json\/wp\/v2\/comments?post=312"}],"version-history":[{"count":11,"href":"https:\/\/lalibet.net\/fr\/wp-json\/wp\/v2\/pages\/312\/revisions"}],"predecessor-version":[{"id":436,"href":"https:\/\/lalibet.net\/fr\/wp-json\/wp\/v2\/pages\/312\/revisions\/436"}],"wp:attachment":[{"href":"https:\/\/lalibet.net\/fr\/wp-json\/wp\/v2\/media?parent=312"}],"curies":[{"name":"wp","href":"https:\/\/api.w.org\/{rel}","templated":true}]}}